{"id":4244,"date":"2023-10-26T18:53:42","date_gmt":"2023-10-26T15:53:42","guid":{"rendered":"https:\/\/silvanols.lv\/products\/green-propolis-60-kaps\/"},"modified":"2024-05-07T08:35:58","modified_gmt":"2024-05-07T05:35:58","slug":"green-propolis-60-kaps","status":"publish","type":"product","link":"https:\/\/silvanols.ee\/ru\/products\/green-propolis-60-kaps\/","title":{"rendered":"Green Propolis 60 kaps."},"content":{"rendered":"<p><span data-sheets-root=\"1\" data-sheets-value=\"{&quot;1&quot;:2,&quot;2&quot;:&quot;Za\u013cais propoliss, Za\u013cais, Za\u013c\u0161, propolis, Gr\u012bn, Gren&quot;}\" data-sheets-userformat=\"{&quot;2&quot;:14655,&quot;3&quot;:{&quot;1&quot;:0,&quot;3&quot;:1},&quot;4&quot;:{&quot;1&quot;:2,&quot;2&quot;:14872537},&quot;5&quot;:{&quot;1&quot;:[{&quot;1&quot;:2,&quot;2&quot;:0,&quot;5&quot;:{&quot;1&quot;:0}},{&quot;1&quot;:0,&quot;2&quot;:0,&quot;3&quot;:3},{&quot;1&quot;:1,&quot;2&quot;:0,&quot;4&quot;:1}]},&quot;6&quot;:{&quot;1&quot;:[{&quot;1&quot;:2,&quot;2&quot;:0,&quot;5&quot;:{&quot;1&quot;:0}},{&quot;1&quot;:0,&quot;2&quot;:0,&quot;3&quot;:3},{&quot;1&quot;:1,&quot;2&quot;:0,&quot;4&quot;:1}]},&quot;7&quot;:{&quot;1&quot;:[{&quot;1&quot;:2,&quot;2&quot;:0,&quot;5&quot;:{&quot;1&quot;:0}},{&quot;1&quot;:0,&quot;2&quot;:0,&quot;3&quot;:3},{&quot;1&quot;:1,&quot;2&quot;:0,&quot;4&quot;:1}]},&quot;8&quot;:{&quot;1&quot;:[{&quot;1&quot;:2,&quot;2&quot;:0,&quot;5&quot;:{&quot;1&quot;:0}},{&quot;1&quot;:0,&quot;2&quot;:0,&quot;3&quot;:3},{&quot;1&quot;:1,&quot;2&quot;:0,&quot;4&quot;:1}]},&quot;11&quot;:4,&quot;14&quot;:{&quot;1&quot;:3,&quot;3&quot;:1},&quot;15&quot;:&quot;Calibri&quot;,&quot;16&quot;:11}\">Za\u013cais propoliss, Za\u013cais, Za\u013c\u0161, propolis, Gr\u012bn, Gren<\/span><\/p>\n","protected":false},"excerpt":{"rendered":"<p>\u012astais Braz\u012blijas za\u013cais propoliss organisma aizsardz\u012bbai v\u012brusu sezon\u0101.<\/p>\n<p>Augst\u0101k\u0101s kvalit\u0101tes standartiz\u0113ts <a href=\"https:\/\/silvanols.ee\/jauns-petijums-covid-19-pacienti-atrak-atveselojas-lietojot-dabigu-vielu-kas-ietilpst-ari-silvanols-produkta-sastava\/\">Braz\u012blijas za\u013cais propoliss<\/a>, kas ir bi\u0161u rad\u012bts produkts ar augstu biolo\u0123isko aktivit\u0101ti.<br \/>\n\u0100tr\u0101ka atvese\u013co\u0161an\u0101s v\u012brusu saslim\u0161anas laik\u0101, mazina v\u012brusu negat\u012bvo ietekmi uz pacienta vesel\u012bbu*<br \/>\nVar mazin\u0101t Covid-19 negat\u012bvo ietekmi uz cilv\u0113ka organismu*<\/p>\n<p>Stiprina organisma aizsargsp\u0113jas v\u012brusu laik\u0101*<br \/>\nBag\u0101ts ar akt\u012bviem dabas vielu savienojumiem, kuriem ir p\u0113t\u012bjumos pier\u0101d\u012bta pretv\u012brusu un antibakteri\u0101la iedarb\u012bba*<\/p>\n<p>&nbsp;<\/p>\n<p><a href=\"https:\/\/silvanols.ee\/jauns-petijums-covid-19-pacienti-atrak-atveselojas-lietojot-dabigu-vielu-kas-ietilpst-ari-silvanols-produkta-sastava\/\">Braz\u012blijas za\u013co propolisu<\/a> bites iev\u0101c tikai no viena auga \u2013\u00a0 za\u013c\u0101 rozmar\u012bna (Baccharis dracunculifolia), un tas aug tikai Minas Gerais un Sanpaulo re\u0123ionos Braz\u012blij\u0101. <a href=\"https:\/\/silvanols.ee\/jauns-petijums-covid-19-pacienti-atrak-atveselojas-lietojot-dabigu-vielu-kas-ietilpst-ari-silvanols-produkta-sastava\/\">Braz\u012blijas za\u013cais propoliss<\/a> ir zin\u0101ms ar tam rakstur\u012bgo za\u013co kr\u0101su un tiek uzskat\u012bts par lab\u0101ko propolisu pasaul\u0113. Dab\u0101 bites propolisu izmanto, lai aizpild\u012btu radu\u0161\u0101s plaisas strop\u0101 un aizsarg\u0101tu bi\u0161u saimi pret iebruc\u0113jiem: v\u012brusiem, s\u0113n\u012bt\u0113m un bakt\u0113rij\u0101m.<\/p>\n<div class=\"woocommerce-product-details__short-description\">\n<p>&nbsp;<\/p>\n<\/div>\n<p>*<\/p>\n<p><a href=\"https:\/\/www.mdpi.com\/2079-6382\/11\/2\/160\">Research Antibiotics | Free Full-Text | Synergistic Effect of Polyphenol-Rich Complex of Plant and Green Propolis Extracts with Antibiotics against Respiratory Infections Causing Bacteria (mdpi.com)\u00a0<\/a><\/p>\n<p><a href=\"https:\/\/www.sciencedirect.com\/science\/article\/pii\/S0753332221003115\">Research Efficacy of Brazilian green propolis (EPP-AF\u00ae) as an adjunct treatment for hospitalized COVID-19 patients: A randomized, controlled clinical trial &#8212; ScienceDirect<\/a><\/p>\n","protected":false},"featured_media":5907,"comment_status":"open","ping_status":"closed","template":"","meta":{"_acf_changed":false},"product_brand":[],"product_cat":[108,111,106,114],"product_tag":[440],"class_list":{"0":"post-4244","1":"product","2":"type-product","3":"status-publish","4":"has-post-thumbnail","6":"product_cat-imunitatei-ru","7":"product_cat-skaistumam-un-labsajutai-ru","8":"product_cat-saaukstesanas-laika-ru","9":"product_cat-dabas-vielas-ru","10":"product_tag-brazilskij-zelenyj-propolis","12":"first","13":"outofstock","14":"featured","15":"taxable","16":"shipping-taxable","17":"purchasable","18":"product-type-simple"},"acf":[],"_links":{"self":[{"href":"https:\/\/silvanols.ee\/ru\/wp-json\/wp\/v2\/product\/4244","targetHints":{"allow":["GET"]}}],"collection":[{"href":"https:\/\/silvanols.ee\/ru\/wp-json\/wp\/v2\/product"}],"about":[{"href":"https:\/\/silvanols.ee\/ru\/wp-json\/wp\/v2\/types\/product"}],"replies":[{"embeddable":true,"href":"https:\/\/silvanols.ee\/ru\/wp-json\/wp\/v2\/comments?post=4244"}],"wp:featuredmedia":[{"embeddable":true,"href":"https:\/\/silvanols.ee\/ru\/wp-json\/wp\/v2\/media\/5907"}],"wp:attachment":[{"href":"https:\/\/silvanols.ee\/ru\/wp-json\/wp\/v2\/media?parent=4244"}],"wp:term":[{"taxonomy":"product_brand","embeddable":true,"href":"https:\/\/silvanols.ee\/ru\/wp-json\/wp\/v2\/product_brand?post=4244"},{"taxonomy":"product_cat","embeddable":true,"href":"https:\/\/silvanols.ee\/ru\/wp-json\/wp\/v2\/product_cat?post=4244"},{"taxonomy":"product_tag","embeddable":true,"href":"https:\/\/silvanols.ee\/ru\/wp-json\/wp\/v2\/product_tag?post=4244"}],"curies":[{"name":"wp","href":"https:\/\/api.w.org\/{rel}","templated":true}]}}