{"id":4242,"date":"2023-10-26T19:00:35","date_gmt":"2023-10-26T16:00:35","guid":{"rendered":"https:\/\/silvanols.lv\/products\/vitamin-c-quercetin-120-kaps\/"},"modified":"2024-07-24T11:18:51","modified_gmt":"2024-07-24T08:18:51","slug":"vitamin-c-quercetin-120-kaps","status":"publish","type":"product","link":"https:\/\/silvanols.ee\/ru\/products\/vitamin-c-quercetin-120-kaps\/","title":{"rendered":"Vitamin C + Quercetin 120 kaps."},"content":{"rendered":"<p><span data-sheets-root=\"1\" data-sheets-value=\"{&quot;1&quot;:2,&quot;2&quot;:&quot;Vitam\u012bns, Vitamin, Vit, Kvercetins, Kvercer\u012bns, Kuercetins, Kuercet\u012bns, Kver, Kuer&quot;}\" data-sheets-userformat=\"{&quot;2&quot;:14655,&quot;3&quot;:{&quot;1&quot;:0,&quot;3&quot;:1},&quot;4&quot;:{&quot;1&quot;:2,&quot;2&quot;:14872537},&quot;5&quot;:{&quot;1&quot;:[{&quot;1&quot;:2,&quot;2&quot;:0,&quot;5&quot;:{&quot;1&quot;:0}},{&quot;1&quot;:0,&quot;2&quot;:0,&quot;3&quot;:3},{&quot;1&quot;:1,&quot;2&quot;:0,&quot;4&quot;:1}]},&quot;6&quot;:{&quot;1&quot;:[{&quot;1&quot;:2,&quot;2&quot;:0,&quot;5&quot;:{&quot;1&quot;:0}},{&quot;1&quot;:0,&quot;2&quot;:0,&quot;3&quot;:3},{&quot;1&quot;:1,&quot;2&quot;:0,&quot;4&quot;:1}]},&quot;7&quot;:{&quot;1&quot;:[{&quot;1&quot;:2,&quot;2&quot;:0,&quot;5&quot;:{&quot;1&quot;:0}},{&quot;1&quot;:0,&quot;2&quot;:0,&quot;3&quot;:3},{&quot;1&quot;:1,&quot;2&quot;:0,&quot;4&quot;:1}]},&quot;8&quot;:{&quot;1&quot;:[{&quot;1&quot;:2,&quot;2&quot;:0,&quot;5&quot;:{&quot;1&quot;:0}},{&quot;1&quot;:0,&quot;2&quot;:0,&quot;3&quot;:3},{&quot;1&quot;:1,&quot;2&quot;:0,&quot;4&quot;:1}]},&quot;11&quot;:4,&quot;14&quot;:{&quot;1&quot;:3,&quot;3&quot;:1},&quot;15&quot;:&quot;Calibri&quot;,&quot;16&quot;:11}\">Vitam\u012bns, Vitamin, Vit, Kvercetins, Kvercer\u012bns, Kuercetins, Kuercet\u012bns, Kver, Kuer<\/span><\/p>\n","protected":false},"excerpt":{"rendered":"<p>Kvercet\u012bns ir bioflavono\u012bds, kam piem\u012bt sp\u0113c\u012bgas antioksidanta \u012bpa\u0161\u012bbas. Papildus vesel\u012bbas atbalstam, esam pievienoju\u0161i ar\u012b vitam\u012bnu C, kam piem\u012bt vair\u0101kas imunit\u0101ti, sirdi, loc\u012btavas un \u0101du labv\u0113l\u012bgi ietekm\u0113jo\u0161as \u012bpa\u0161\u012bbas.<\/p>\n<p>C vitam\u012bns veicina norm\u0101lu im\u016bnsist\u0113mas darb\u012bbu un veicina \u0161\u016bnu aizsardz\u012bbu pret oksidat\u012bvo stresu. C vitam\u012bns veicina norm\u0101lu kolag\u0113na veido\u0161anos, kas nepiecie\u0161ams norm\u0101lai \u0101das, asinsvadu, kaulu, skrim\u0161\u013cu, smaganu un zobu darb\u012bbai. C vitam\u012bns pal\u012bdz samazin\u0101t nogurumu un nesp\u0113ku.<\/p>\n","protected":false},"featured_media":5904,"comment_status":"open","ping_status":"closed","template":"","meta":{"_acf_changed":false},"product_brand":[],"product_cat":[116,108,111,106],"product_tag":[450,535],"class_list":{"0":"post-4242","1":"product","2":"type-product","3":"status-publish","4":"has-post-thumbnail","6":"product_cat-vitamini-ru","7":"product_cat-imunitatei-ru","8":"product_cat-skaistumam-un-labsajutai-ru","9":"product_cat-saaukstesanas-laika-ru","10":"product_tag-vitamin-c","11":"product_tag-kvercetin","13":"first","14":"outofstock","15":"taxable","16":"shipping-taxable","17":"purchasable","18":"product-type-simple"},"acf":[],"_links":{"self":[{"href":"https:\/\/silvanols.ee\/ru\/wp-json\/wp\/v2\/product\/4242","targetHints":{"allow":["GET"]}}],"collection":[{"href":"https:\/\/silvanols.ee\/ru\/wp-json\/wp\/v2\/product"}],"about":[{"href":"https:\/\/silvanols.ee\/ru\/wp-json\/wp\/v2\/types\/product"}],"replies":[{"embeddable":true,"href":"https:\/\/silvanols.ee\/ru\/wp-json\/wp\/v2\/comments?post=4242"}],"wp:featuredmedia":[{"embeddable":true,"href":"https:\/\/silvanols.ee\/ru\/wp-json\/wp\/v2\/media\/5904"}],"wp:attachment":[{"href":"https:\/\/silvanols.ee\/ru\/wp-json\/wp\/v2\/media?parent=4242"}],"wp:term":[{"taxonomy":"product_brand","embeddable":true,"href":"https:\/\/silvanols.ee\/ru\/wp-json\/wp\/v2\/product_brand?post=4242"},{"taxonomy":"product_cat","embeddable":true,"href":"https:\/\/silvanols.ee\/ru\/wp-json\/wp\/v2\/product_cat?post=4242"},{"taxonomy":"product_tag","embeddable":true,"href":"https:\/\/silvanols.ee\/ru\/wp-json\/wp\/v2\/product_tag?post=4242"}],"curies":[{"name":"wp","href":"https:\/\/api.w.org\/{rel}","templated":true}]}}