{"id":4240,"date":"2023-10-26T19:07:20","date_gmt":"2023-10-26T16:07:20","guid":{"rendered":"https:\/\/silvanols.lv\/products\/vitamin-d3-4000-iu-120-kaps\/"},"modified":"2025-05-27T06:10:42","modified_gmt":"2025-05-27T03:10:42","slug":"vitamin-d3-4000-iu-120-kaps","status":"publish","type":"product","link":"https:\/\/silvanols.ee\/ru\/products\/vitamin-d3-4000-iu-120-kaps\/","title":{"rendered":"Vitamin D3 4000 IU 120 kaps."},"content":{"rendered":"<p><span data-sheets-root=\"1\" data-sheets-value=\"{&quot;1&quot;:2,&quot;2&quot;:&quot;Vitam\u012bns, Vitamin, Vit&quot;}\" data-sheets-userformat=\"{&quot;2&quot;:14655,&quot;3&quot;:{&quot;1&quot;:0,&quot;3&quot;:1},&quot;4&quot;:{&quot;1&quot;:2,&quot;2&quot;:14872537},&quot;5&quot;:{&quot;1&quot;:[{&quot;1&quot;:2,&quot;2&quot;:0,&quot;5&quot;:{&quot;1&quot;:0}},{&quot;1&quot;:0,&quot;2&quot;:0,&quot;3&quot;:3},{&quot;1&quot;:1,&quot;2&quot;:0,&quot;4&quot;:1}]},&quot;6&quot;:{&quot;1&quot;:[{&quot;1&quot;:2,&quot;2&quot;:0,&quot;5&quot;:{&quot;1&quot;:0}},{&quot;1&quot;:0,&quot;2&quot;:0,&quot;3&quot;:3},{&quot;1&quot;:1,&quot;2&quot;:0,&quot;4&quot;:1}]},&quot;7&quot;:{&quot;1&quot;:[{&quot;1&quot;:2,&quot;2&quot;:0,&quot;5&quot;:{&quot;1&quot;:0}},{&quot;1&quot;:0,&quot;2&quot;:0,&quot;3&quot;:3},{&quot;1&quot;:1,&quot;2&quot;:0,&quot;4&quot;:1}]},&quot;8&quot;:{&quot;1&quot;:[{&quot;1&quot;:2,&quot;2&quot;:0,&quot;5&quot;:{&quot;1&quot;:0}},{&quot;1&quot;:0,&quot;2&quot;:0,&quot;3&quot;:3},{&quot;1&quot;:1,&quot;2&quot;:0,&quot;4&quot;:1}]},&quot;11&quot;:4,&quot;14&quot;:{&quot;1&quot;:3,&quot;3&quot;:1},&quot;15&quot;:&quot;Calibri&quot;,&quot;16&quot;:11}\">Vitam\u012bns, Vitamin, Vit<\/span><\/p>\n","protected":false},"excerpt":{"rendered":"<p>Silvanols VITAMIN D3 4000 IU ieguvums:<\/p>\n<ul>\n<li>Augsta koncentr\u0101cija \u2013 4000 IU vien\u0101 kapsul\u0101<\/li>\n<li>Maza kapsula \u2013 \u0113rti nor\u012bt<\/li>\n<li>Prec\u012bza deva<\/li>\n<\/ul>\n<p>&nbsp;<\/p>\n<p>D3 vitam\u012bns veicina kalcija un fosfora norm\u0101lu uzs\u016bk\u0161anos organism\u0101 un pal\u012bdz uztur\u0113t norm\u0101lu kalcija l\u012bmeni asin\u012bs. D3 vitam\u012bns pal\u012bdz uztur\u0113t kaulu un zobu vesel\u012bbu.<\/p>\n","protected":false},"featured_media":5901,"comment_status":"open","ping_status":"closed","template":"","meta":{"_acf_changed":false},"product_brand":[],"product_cat":[116,108,111,106],"product_tag":[457],"class_list":{"0":"post-4240","1":"product","2":"type-product","3":"status-publish","4":"has-post-thumbnail","6":"product_cat-vitamini-ru","7":"product_cat-imunitatei-ru","8":"product_cat-skaistumam-un-labsajutai-ru","9":"product_cat-saaukstesanas-laika-ru","10":"product_tag-vitamin-d","12":"first","13":"outofstock","14":"taxable","15":"shipping-taxable","16":"purchasable","17":"product-type-simple"},"acf":[],"_links":{"self":[{"href":"https:\/\/silvanols.ee\/ru\/wp-json\/wp\/v2\/product\/4240","targetHints":{"allow":["GET"]}}],"collection":[{"href":"https:\/\/silvanols.ee\/ru\/wp-json\/wp\/v2\/product"}],"about":[{"href":"https:\/\/silvanols.ee\/ru\/wp-json\/wp\/v2\/types\/product"}],"replies":[{"embeddable":true,"href":"https:\/\/silvanols.ee\/ru\/wp-json\/wp\/v2\/comments?post=4240"}],"wp:featuredmedia":[{"embeddable":true,"href":"https:\/\/silvanols.ee\/ru\/wp-json\/wp\/v2\/media\/5901"}],"wp:attachment":[{"href":"https:\/\/silvanols.ee\/ru\/wp-json\/wp\/v2\/media?parent=4240"}],"wp:term":[{"taxonomy":"product_brand","embeddable":true,"href":"https:\/\/silvanols.ee\/ru\/wp-json\/wp\/v2\/product_brand?post=4240"},{"taxonomy":"product_cat","embeddable":true,"href":"https:\/\/silvanols.ee\/ru\/wp-json\/wp\/v2\/product_cat?post=4240"},{"taxonomy":"product_tag","embeddable":true,"href":"https:\/\/silvanols.ee\/ru\/wp-json\/wp\/v2\/product_tag?post=4240"}],"curies":[{"name":"wp","href":"https:\/\/api.w.org\/{rel}","templated":true}]}}