{"id":4238,"date":"2023-10-26T19:11:13","date_gmt":"2023-10-26T16:11:13","guid":{"rendered":"https:\/\/silvanols.lv\/products\/speka-komplekts-imunitatei\/"},"modified":"2024-03-28T13:11:07","modified_gmt":"2024-03-28T11:11:07","slug":"speka-komplekts-imunitatei","status":"publish","type":"product","link":"https:\/\/silvanols.ee\/ru\/products\/speka-komplekts-imunitatei\/","title":{"rendered":"Sp\u0113ka komplekts imunit\u0101tei"},"content":{"rendered":"<p><span data-sheets-root=\"1\" data-sheets-value=\"{&quot;1&quot;:2,&quot;2&quot;:&quot;Za\u013cais propoliss, Za\u013cais, Za\u013c\u0161, propolis, Gr\u012bn, Gren, Pav, Pau darko, Darko, Stiprs, Sp\u0113ks, Strong&quot;}\" data-sheets-userformat=\"{&quot;2&quot;:14655,&quot;3&quot;:{&quot;1&quot;:0,&quot;3&quot;:1},&quot;4&quot;:{&quot;1&quot;:2,&quot;2&quot;:16708299},&quot;5&quot;:{&quot;1&quot;:[{&quot;1&quot;:2,&quot;2&quot;:0,&quot;5&quot;:{&quot;1&quot;:0}},{&quot;1&quot;:0,&quot;2&quot;:0,&quot;3&quot;:3},{&quot;1&quot;:1,&quot;2&quot;:0,&quot;4&quot;:1}]},&quot;6&quot;:{&quot;1&quot;:[{&quot;1&quot;:2,&quot;2&quot;:0,&quot;5&quot;:{&quot;1&quot;:0}},{&quot;1&quot;:0,&quot;2&quot;:0,&quot;3&quot;:3},{&quot;1&quot;:1,&quot;2&quot;:0,&quot;4&quot;:1}]},&quot;7&quot;:{&quot;1&quot;:[{&quot;1&quot;:2,&quot;2&quot;:0,&quot;5&quot;:{&quot;1&quot;:0}},{&quot;1&quot;:0,&quot;2&quot;:0,&quot;3&quot;:3},{&quot;1&quot;:1,&quot;2&quot;:0,&quot;4&quot;:1}]},&quot;8&quot;:{&quot;1&quot;:[{&quot;1&quot;:2,&quot;2&quot;:0,&quot;5&quot;:{&quot;1&quot;:0}},{&quot;1&quot;:0,&quot;2&quot;:0,&quot;3&quot;:3},{&quot;1&quot;:1,&quot;2&quot;:0,&quot;4&quot;:1}]},&quot;11&quot;:4,&quot;14&quot;:{&quot;1&quot;:3,&quot;3&quot;:1},&quot;15&quot;:&quot;Calibri&quot;,&quot;16&quot;:11}\">Za\u013cais propoliss, Za\u013cais, Za\u013c\u0161, propolis, Gr\u012bn, Gren, Pav, Pau darko, Darko, Stiprs, Sp\u0113ks, Strong<\/span><\/p>\n","protected":false},"excerpt":{"rendered":"<p>1 <a href=\"https:\/\/silvanols.ee\/product\/pau-d-arco-60-kaps\/\">PAU D\u2019ARCO 60 kaps.<\/a> + 1 <a href=\"https:\/\/silvanols.ee\/product\/green-propolis-60-kaps\/\">GREEN PROPOLIS 60 kaps.\u00a0<\/a><\/p>\n<p>Jaud\u012bgs komplekts tuvojo\u0161\u0101s v\u012brusu sezonas sa\u012bsin\u0101\u0161anai.<br \/>\nTabebuju (Pau d\u2019arco) \u012bpa\u0161i iesaka lietot cilv\u0113kiem, kam v\u012brusu sezon\u0101 ir nov\u0101jin\u0101ts organisms, lai uzlabotu t\u0101 aizsargsp\u0113jas un paaugstin\u0101tu organisma pretest\u012bbu pret apk\u0101rt\u0113j\u0101s vides kait\u012bgo ietekmi. Za\u013cais propoliss (Green propolis) stiprina organisma aizsargsp\u0113jas v\u012brusu laik\u0101.<\/p>\n<p><strong>NEIZMANTOT UZTURA BAG\u0100TIN\u0100T\u0100JU K\u0100 PILNV\u0112RT\u012aGA, SABALANS\u0112TA UZTURA UN VESEL\u012aGA DZ\u012aVESVEIDA AIZVIETOT\u0100JU.<\/strong><\/p>\n","protected":false},"featured_media":5898,"comment_status":"open","ping_status":"closed","template":"","meta":{"_acf_changed":false},"product_brand":[],"product_cat":[105,108,111,106,114],"product_tag":[],"class_list":{"0":"post-4238","1":"product","2":"type-product","3":"status-publish","4":"has-post-thumbnail","6":"product_cat-produktu-komplekti-ru","7":"product_cat-imunitatei-ru","8":"product_cat-skaistumam-un-labsajutai-ru","9":"product_cat-saaukstesanas-laika-ru","10":"product_cat-dabas-vielas-ru","12":"first","13":"outofstock","14":"taxable","15":"shipping-taxable","16":"purchasable","17":"product-type-simple"},"acf":[],"_links":{"self":[{"href":"https:\/\/silvanols.ee\/ru\/wp-json\/wp\/v2\/product\/4238","targetHints":{"allow":["GET"]}}],"collection":[{"href":"https:\/\/silvanols.ee\/ru\/wp-json\/wp\/v2\/product"}],"about":[{"href":"https:\/\/silvanols.ee\/ru\/wp-json\/wp\/v2\/types\/product"}],"replies":[{"embeddable":true,"href":"https:\/\/silvanols.ee\/ru\/wp-json\/wp\/v2\/comments?post=4238"}],"wp:featuredmedia":[{"embeddable":true,"href":"https:\/\/silvanols.ee\/ru\/wp-json\/wp\/v2\/media\/5898"}],"wp:attachment":[{"href":"https:\/\/silvanols.ee\/ru\/wp-json\/wp\/v2\/media?parent=4238"}],"wp:term":[{"taxonomy":"product_brand","embeddable":true,"href":"https:\/\/silvanols.ee\/ru\/wp-json\/wp\/v2\/product_brand?post=4238"},{"taxonomy":"product_cat","embeddable":true,"href":"https:\/\/silvanols.ee\/ru\/wp-json\/wp\/v2\/product_cat?post=4238"},{"taxonomy":"product_tag","embeddable":true,"href":"https:\/\/silvanols.ee\/ru\/wp-json\/wp\/v2\/product_tag?post=4238"}],"curies":[{"name":"wp","href":"https:\/\/api.w.org\/{rel}","templated":true}]}}