{"id":4236,"date":"2023-10-26T19:17:52","date_gmt":"2023-10-26T16:17:52","guid":{"rendered":"https:\/\/silvanols.lv\/products\/goimmune-strong-20-kaps\/"},"modified":"2025-10-06T04:54:57","modified_gmt":"2025-10-06T01:54:57","slug":"goimmune-strong-20-kaps","status":"publish","type":"product","link":"https:\/\/silvanols.ee\/ru\/products\/goimmune-strong-20-kaps\/","title":{"rendered":"GoImmune Strong 20 \u043a\u0430\u043f\u0441."},"content":{"rendered":"","protected":false},"excerpt":{"rendered":"<p>\u0423\u043d\u0438\u043a\u0430\u043b\u044c\u043d\u043e\u0435 \u0441\u0440\u0435\u0434\u0441\u0442\u0432\u043e \u0432 \u0441\u0435\u0437\u043e\u043d \u043f\u0440\u043e\u0441\u0442\u0443\u0434, \u0432 \u0441\u043e\u0441\u0442\u0430\u0432 \u043a\u043e\u0442\u043e\u0440\u043e\u0433\u043e \u0432\u0445\u043e\u0434\u044f\u0442 \u0437\u0435\u043b\u0435\u043d\u044b\u0439 \u043f\u0440\u043e\u043f\u043e\u043b\u0438\u0441, \u044d\u043a\u0441\u0442\u0440\u0430\u043a\u0442\u044b \u043a\u043e\u0440\u044b \u0442\u0430\u0431\u0435\u0431\u0443\u0439\u0438 \u0438 \u043b\u0438\u0441\u0442\u044c\u0435\u0432 \u043e\u043b\u0438\u0432\u044b, \u0430 \u0442\u0430\u043a\u0436\u0435 \u0446\u0438\u043d\u043a \u0438 \u0441\u0435\u043b\u0435\u043d.<\/p>\n<p>\u0418\u0441\u0441\u043b\u0435\u0434\u043e\u0432\u0430\u043d\u0438\u0435 <a href=\"https:\/\/silvanols.ee\/wp-content\/uploads\/sites\/9\/2022\/04\/Antibiotics_GoImmune_30-11-2021-1.pdf\"><em>Synergistic effect of polyphenol-rich complex of plant and green propolis extracts with antibiotics against respiratory infections causing bacteria, Antibiotics 2021, 10 x FOR PEER REVIEW<\/em><\/a> (PDF \u0434\u043e\u043a\u0443\u043c\u0435\u043d\u0442)<\/p>\n<p>\u0418\u0441\u0441\u043b\u0435\u0434\u043e\u0432\u0430\u043d\u0438\u0435 <a href=\"https:\/\/silvanols.ee\/wp-content\/uploads\/sites\/9\/2022\/04\/Biomedicine_Brazilian-green-propolis.pdf\"><em>Efficacy of Brazilian green propolis (EPP-AF\u00ae) as an adjunct treatment for hospitalized COVID-19 patients: A randomized, controlled clinical trial,<\/em> <em>Biomedicine &amp; Pharmacotherapy 138 (2021) 111526<\/em><\/a> (PDF \u0434\u043e\u043a\u0443\u043c\u0435\u043d\u0442)<\/p>\n<p>\u0418\u0441\u0441\u043b\u0435\u0434\u043e\u0432\u0430\u043d\u0438\u0435 <a href=\"https:\/\/silvanols.ee\/wp-content\/uploads\/sites\/9\/2022\/04\/Latvijas_Arsts_2020_10_Goimmune_LV.pdf\"><em>Goimmune Strong \u2013 organisma aizsargsp\u0113j\u0101m pret elpce\u013cu v\u012brusu un bakteri\u0101l\u0101m infekcij\u0101m, Latvijas \u0100rsts, oktobris 2020<\/em> <\/a>(PDF \u0434\u043e\u043a\u0443\u043c\u0435\u043d\u0442)<\/p>\n<p>&nbsp;<\/p>\n","protected":false},"featured_media":12750,"comment_status":"open","ping_status":"closed","template":"","meta":{"_acf_changed":false},"product_brand":[],"product_cat":[108,106],"product_tag":[447,696,678,683,695],"class_list":{"0":"post-4236","1":"product","2":"type-product","3":"status-publish","4":"has-post-thumbnail","6":"product_cat-imunitatei-ru","7":"product_cat-saaukstesanas-laika-ru","8":"product_tag-bisglicinat-cinka","9":"product_tag-poroshok-zelenogo-propolisa","10":"product_tag-selen-ru","11":"product_tag-jekstrakt-kory-tabebui","12":"product_tag-jekstrakt-listev-olivy","14":"first","15":"instock","16":"featured","17":"taxable","18":"shipping-taxable","19":"purchasable","20":"product-type-simple"},"acf":[],"_links":{"self":[{"href":"https:\/\/silvanols.ee\/ru\/wp-json\/wp\/v2\/product\/4236","targetHints":{"allow":["GET"]}}],"collection":[{"href":"https:\/\/silvanols.ee\/ru\/wp-json\/wp\/v2\/product"}],"about":[{"href":"https:\/\/silvanols.ee\/ru\/wp-json\/wp\/v2\/types\/product"}],"replies":[{"embeddable":true,"href":"https:\/\/silvanols.ee\/ru\/wp-json\/wp\/v2\/comments?post=4236"}],"wp:featuredmedia":[{"embeddable":true,"href":"https:\/\/silvanols.ee\/ru\/wp-json\/wp\/v2\/media\/12750"}],"wp:attachment":[{"href":"https:\/\/silvanols.ee\/ru\/wp-json\/wp\/v2\/media?parent=4236"}],"wp:term":[{"taxonomy":"product_brand","embeddable":true,"href":"https:\/\/silvanols.ee\/ru\/wp-json\/wp\/v2\/product_brand?post=4236"},{"taxonomy":"product_cat","embeddable":true,"href":"https:\/\/silvanols.ee\/ru\/wp-json\/wp\/v2\/product_cat?post=4236"},{"taxonomy":"product_tag","embeddable":true,"href":"https:\/\/silvanols.ee\/ru\/wp-json\/wp\/v2\/product_tag?post=4236"}],"curies":[{"name":"wp","href":"https:\/\/api.w.org\/{rel}","templated":true}]}}