{"id":4200,"date":"2023-10-27T20:03:35","date_gmt":"2023-10-27T17:03:35","guid":{"rendered":"https:\/\/silvanols.lv\/products\/magnesium-120-kaps\/"},"modified":"2024-07-24T11:18:11","modified_gmt":"2024-07-24T08:18:11","slug":"magnesium-120-kaps","status":"publish","type":"product","link":"https:\/\/silvanols.ee\/ru\/products\/magnesium-120-kaps\/","title":{"rendered":"Magnesium 120 kaps."},"content":{"rendered":"<p><span data-sheets-root=\"1\" data-sheets-value=\"{&quot;1&quot;:2,&quot;2&quot;:&quot;Magnijs, Magn\u0113zijs, Mag, Magn, Mag&quot;}\" data-sheets-userformat=\"{&quot;2&quot;:14655,&quot;3&quot;:{&quot;1&quot;:0,&quot;3&quot;:1},&quot;4&quot;:{&quot;1&quot;:2,&quot;2&quot;:14872537},&quot;5&quot;:{&quot;1&quot;:[{&quot;1&quot;:2,&quot;2&quot;:0,&quot;5&quot;:{&quot;1&quot;:0}},{&quot;1&quot;:0,&quot;2&quot;:0,&quot;3&quot;:3},{&quot;1&quot;:1,&quot;2&quot;:0,&quot;4&quot;:1}]},&quot;6&quot;:{&quot;1&quot;:[{&quot;1&quot;:2,&quot;2&quot;:0,&quot;5&quot;:{&quot;1&quot;:0}},{&quot;1&quot;:0,&quot;2&quot;:0,&quot;3&quot;:3},{&quot;1&quot;:1,&quot;2&quot;:0,&quot;4&quot;:1}]},&quot;7&quot;:{&quot;1&quot;:[{&quot;1&quot;:2,&quot;2&quot;:0,&quot;5&quot;:{&quot;1&quot;:0}},{&quot;1&quot;:0,&quot;2&quot;:0,&quot;3&quot;:3},{&quot;1&quot;:1,&quot;2&quot;:0,&quot;4&quot;:1}]},&quot;8&quot;:{&quot;1&quot;:[{&quot;1&quot;:2,&quot;2&quot;:0,&quot;5&quot;:{&quot;1&quot;:0}},{&quot;1&quot;:0,&quot;2&quot;:0,&quot;3&quot;:3},{&quot;1&quot;:1,&quot;2&quot;:0,&quot;4&quot;:1}]},&quot;11&quot;:4,&quot;14&quot;:{&quot;1&quot;:3,&quot;3&quot;:1},&quot;15&quot;:&quot;Calibri&quot;,&quot;16&quot;:11}\">Magnijs, Magn\u0113zijs, Mag, Magn, Mag<\/span><\/p>\n","protected":false},"excerpt":{"rendered":"<p>Kapsulas satur magniju, magnija citr\u0101ta veid\u0101. Magnija citr\u0101ts, sal\u012bdzin\u0101jum\u0101 ar citiem magnija s\u0101\u013ciem, ir \u012bpa\u0161i augstas biopieejam\u012bbas formas magnijs, kas \u0101tr\u0101k uzs\u016bcas organism\u0101.<\/p>\n<p>&nbsp;<\/p>\n<p>Uz\u0146emot magniju uztura bag\u0101tin\u0101t\u0101ja veid\u0101, tas:<\/p>\n<ul>\n<li>pal\u012bdz samazin\u0101t nogurumu un nesp\u0113ku;<\/li>\n<li>Veicina norm\u0101lu musku\u013cu un nervu sist\u0113mas darb\u012bbu;<\/li>\n<li>Pal\u012bdz uztur\u0113t norm\u0101lu kaulu vesel\u012bbu;<\/li>\n<li>Veicina elektrol\u012btu l\u012bdzsvaru.<\/li>\n<\/ul>\n","protected":false},"featured_media":6062,"comment_status":"open","ping_status":"closed","template":"","meta":{"_acf_changed":false},"product_brand":[],"product_cat":[116,111],"product_tag":[588],"class_list":{"0":"post-4200","1":"product","2":"type-product","3":"status-publish","4":"has-post-thumbnail","6":"product_cat-vitamini-ru","7":"product_cat-skaistumam-un-labsajutai-ru","8":"product_tag-magnij-ru","10":"first","11":"outofstock","12":"taxable","13":"shipping-taxable","14":"purchasable","15":"product-type-simple"},"acf":[],"_links":{"self":[{"href":"https:\/\/silvanols.ee\/ru\/wp-json\/wp\/v2\/product\/4200","targetHints":{"allow":["GET"]}}],"collection":[{"href":"https:\/\/silvanols.ee\/ru\/wp-json\/wp\/v2\/product"}],"about":[{"href":"https:\/\/silvanols.ee\/ru\/wp-json\/wp\/v2\/types\/product"}],"replies":[{"embeddable":true,"href":"https:\/\/silvanols.ee\/ru\/wp-json\/wp\/v2\/comments?post=4200"}],"wp:featuredmedia":[{"embeddable":true,"href":"https:\/\/silvanols.ee\/ru\/wp-json\/wp\/v2\/media\/6062"}],"wp:attachment":[{"href":"https:\/\/silvanols.ee\/ru\/wp-json\/wp\/v2\/media?parent=4200"}],"wp:term":[{"taxonomy":"product_brand","embeddable":true,"href":"https:\/\/silvanols.ee\/ru\/wp-json\/wp\/v2\/product_brand?post=4200"},{"taxonomy":"product_cat","embeddable":true,"href":"https:\/\/silvanols.ee\/ru\/wp-json\/wp\/v2\/product_cat?post=4200"},{"taxonomy":"product_tag","embeddable":true,"href":"https:\/\/silvanols.ee\/ru\/wp-json\/wp\/v2\/product_tag?post=4200"}],"curies":[{"name":"wp","href":"https:\/\/api.w.org\/{rel}","templated":true}]}}