{"id":4198,"date":"2023-10-27T20:09:51","date_gmt":"2023-10-27T17:09:51","guid":{"rendered":"https:\/\/silvanols.lv\/products\/omega-3-premium-60-kaps\/"},"modified":"2024-07-24T11:18:18","modified_gmt":"2024-07-24T08:18:18","slug":"omega-3-premium-60-kaps","status":"publish","type":"product","link":"https:\/\/silvanols.ee\/ru\/products\/omega-3-premium-60-kaps\/","title":{"rendered":"Omega 3 Premium 60 kaps"},"content":{"rendered":"","protected":false},"excerpt":{"rendered":"<p>Omega-3 PREMIUM ir uztura bag\u0101tin\u0101t\u0101js, ko iek\u013caujot sav\u0101 uztur\u0101, tiks uz\u0146emtas ikdien\u0101 nepiecie\u0161am\u0101s 1000 mg Omega-3 tauks\u0101bes. Omega-3 tauksk\u0101bes EPS un DHS ir \u012bpa\u0161i svar\u012bgas polinepies\u0101tin\u0101t\u0101s tauksk\u0101bes, kuras cilv\u0113ka organisms pats nesintez\u0113, \u0161\u012bs neaizvietojam\u0101s tauksk\u0101bes ar uzturu ir j\u0101uz\u0146em papildus.<\/p>\n<p>&nbsp;<\/p>\n<p>Omega-3 tauksk\u0101bes ir b\u016btiski svar\u012bgas:<\/p>\n<ul>\n<li>smadze\u0146u darb\u012bbai<\/li>\n<li>gr\u016btniec\u012bbas laik\u0101- b\u0113rna vesel\u012bgai att\u012bst\u012bbai jau no t\u0101 ie\u0146em\u0161anas br\u012b\u017ea<\/li>\n<li>da\u017e\u0101du sirds slim\u012bbu k\u0101 \u0101rstnieciskos, t\u0101 profilaktiskos nol\u016bkos<\/li>\n<li>redzes norm\u0101lai uztur\u0113\u0161anai<\/li>\n<\/ul>\n<p>&nbsp;<\/p>\n<p>Lietojot uztur\u0101 Omega-3 tauksk\u0101bes, t\u0101s:<\/p>\n<ul>\n<li>veicina norm\u0101lu sirds darb\u012bbu. Labv\u0113l\u012bgo ietekmi pan\u0101k, katru dienu uz\u0146emot 250 mg EPS un DHS.<\/li>\n<li>Pal\u012bdz uztur\u0113t norm\u0101lu smadze\u0146u darb\u012bbu un redzi. Labv\u0113l\u012bgo ietekmi pan\u0101k, katru dienu uz\u0146emot 250 mg DHS.<\/li>\n<\/ul>\n","protected":false},"featured_media":6056,"comment_status":"open","ping_status":"closed","template":"","meta":{"_acf_changed":false},"product_brand":[],"product_cat":[116,111],"product_tag":[508,694],"class_list":{"0":"post-4198","1":"product","2":"type-product","3":"status-publish","4":"has-post-thumbnail","6":"product_cat-vitamini-ru","7":"product_cat-skaistumam-un-labsajutai-ru","8":"product_tag-vitamin-e","9":"product_tag-rybij-zhir-s-omega-3-nenasyshhennymi-zhirny","11":"first","12":"outofstock","13":"taxable","14":"shipping-taxable","15":"purchasable","16":"product-type-simple"},"acf":[],"_links":{"self":[{"href":"https:\/\/silvanols.ee\/ru\/wp-json\/wp\/v2\/product\/4198","targetHints":{"allow":["GET"]}}],"collection":[{"href":"https:\/\/silvanols.ee\/ru\/wp-json\/wp\/v2\/product"}],"about":[{"href":"https:\/\/silvanols.ee\/ru\/wp-json\/wp\/v2\/types\/product"}],"replies":[{"embeddable":true,"href":"https:\/\/silvanols.ee\/ru\/wp-json\/wp\/v2\/comments?post=4198"}],"wp:featuredmedia":[{"embeddable":true,"href":"https:\/\/silvanols.ee\/ru\/wp-json\/wp\/v2\/media\/6056"}],"wp:attachment":[{"href":"https:\/\/silvanols.ee\/ru\/wp-json\/wp\/v2\/media?parent=4198"}],"wp:term":[{"taxonomy":"product_brand","embeddable":true,"href":"https:\/\/silvanols.ee\/ru\/wp-json\/wp\/v2\/product_brand?post=4198"},{"taxonomy":"product_cat","embeddable":true,"href":"https:\/\/silvanols.ee\/ru\/wp-json\/wp\/v2\/product_cat?post=4198"},{"taxonomy":"product_tag","embeddable":true,"href":"https:\/\/silvanols.ee\/ru\/wp-json\/wp\/v2\/product_tag?post=4198"}],"curies":[{"name":"wp","href":"https:\/\/api.w.org\/{rel}","templated":true}]}}