{"id":4196,"date":"2023-10-27T20:14:51","date_gmt":"2023-10-27T17:14:51","guid":{"rendered":"https:\/\/silvanols.lv\/products\/ikdienas-mineralvielu-komplekts\/"},"modified":"2025-05-26T21:27:39","modified_gmt":"2025-05-26T18:27:39","slug":"ikdienas-mineralvielu-komplekts","status":"publish","type":"product","link":"https:\/\/silvanols.ee\/ru\/products\/ikdienas-mineralvielu-komplekts\/","title":{"rendered":"Ikdienas miner\u0101lvielu komplekts"},"content":{"rendered":"<p><span data-sheets-root=\"1\" data-sheets-value=\"{&quot;1&quot;:2,&quot;2&quot;:&quot;Magnijs, Magn\u0113zijs, Mag, Magn, Mag, Cink, Cinks, Zink, Mineral, Everyday, Casual&quot;}\" data-sheets-userformat=\"{&quot;2&quot;:14655,&quot;3&quot;:{&quot;1&quot;:0,&quot;3&quot;:1},&quot;4&quot;:{&quot;1&quot;:2,&quot;2&quot;:16708299},&quot;5&quot;:{&quot;1&quot;:[{&quot;1&quot;:2,&quot;2&quot;:0,&quot;5&quot;:{&quot;1&quot;:0}},{&quot;1&quot;:0,&quot;2&quot;:0,&quot;3&quot;:3},{&quot;1&quot;:1,&quot;2&quot;:0,&quot;4&quot;:1}]},&quot;6&quot;:{&quot;1&quot;:[{&quot;1&quot;:2,&quot;2&quot;:0,&quot;5&quot;:{&quot;1&quot;:0}},{&quot;1&quot;:0,&quot;2&quot;:0,&quot;3&quot;:3},{&quot;1&quot;:1,&quot;2&quot;:0,&quot;4&quot;:1}]},&quot;7&quot;:{&quot;1&quot;:[{&quot;1&quot;:2,&quot;2&quot;:0,&quot;5&quot;:{&quot;1&quot;:0}},{&quot;1&quot;:0,&quot;2&quot;:0,&quot;3&quot;:3},{&quot;1&quot;:1,&quot;2&quot;:0,&quot;4&quot;:1}]},&quot;8&quot;:{&quot;1&quot;:[{&quot;1&quot;:2,&quot;2&quot;:0,&quot;5&quot;:{&quot;1&quot;:0}},{&quot;1&quot;:0,&quot;2&quot;:0,&quot;3&quot;:3},{&quot;1&quot;:1,&quot;2&quot;:0,&quot;4&quot;:1}]},&quot;11&quot;:4,&quot;14&quot;:{&quot;1&quot;:3,&quot;3&quot;:1},&quot;15&quot;:&quot;Calibri&quot;,&quot;16&quot;:11}\">Magnijs, Magn\u0113zijs, Mag, Magn, Mag, Cink, Cinks, Zink, Mineral, Everyday, Casual<\/span><\/p>\n","protected":false},"excerpt":{"rendered":"<p>1 <a href=\"https:\/\/silvanols.ee\/product\/magnesium-120-kaps\/\">MAGNESIUM 120 kaps.<\/a> + 1 <a href=\"https:\/\/silvanols.ee\/product\/zinc-60-kaps\/\">ZINC 60 kaps.<\/a><\/p>\n<p>Miner\u0101lvielu komplekts, kas piem\u0113rots fizisk\u0101s un emocion\u0101l\u0101s p\u0101rslodzes mazin\u0101\u0161anai, noguruma, imunit\u0101tes un visp\u0101r\u0113j\u0101 vesel\u012bbas st\u0101vok\u013ca uzlabo\u0161anai.<\/p>\n<p>Magnijs ir noz\u012bm\u012bga miner\u0101lviela nervu sist\u0113mas un musku\u013cu darb\u012bbas atbalstam, savuk\u0101rt cinks ir noz\u012bm\u012bga miner\u0101lviela im\u016bnsist\u0113mas atbalstam.<\/p>\n<p><strong>NEIZMANTOT UZTURA BAG\u0100TIN\u0100T\u0100JU K\u0100 PILNV\u0112RT\u012aGA, SABALANS\u0112TA UZTURA UN VESEL\u012aGA DZ\u012aVESVEIDA AIZVIETOT\u0100JU.<\/strong><\/p>\n","protected":false},"featured_media":6068,"comment_status":"open","ping_status":"closed","template":"","meta":{"_acf_changed":false},"product_brand":[],"product_cat":[105,116,111],"product_tag":[],"class_list":{"0":"post-4196","1":"product","2":"type-product","3":"status-publish","4":"has-post-thumbnail","6":"product_cat-produktu-komplekti-ru","7":"product_cat-vitamini-ru","8":"product_cat-skaistumam-un-labsajutai-ru","10":"first","11":"outofstock","12":"taxable","13":"shipping-taxable","14":"purchasable","15":"product-type-simple"},"acf":[],"_links":{"self":[{"href":"https:\/\/silvanols.ee\/ru\/wp-json\/wp\/v2\/product\/4196","targetHints":{"allow":["GET"]}}],"collection":[{"href":"https:\/\/silvanols.ee\/ru\/wp-json\/wp\/v2\/product"}],"about":[{"href":"https:\/\/silvanols.ee\/ru\/wp-json\/wp\/v2\/types\/product"}],"replies":[{"embeddable":true,"href":"https:\/\/silvanols.ee\/ru\/wp-json\/wp\/v2\/comments?post=4196"}],"wp:featuredmedia":[{"embeddable":true,"href":"https:\/\/silvanols.ee\/ru\/wp-json\/wp\/v2\/media\/6068"}],"wp:attachment":[{"href":"https:\/\/silvanols.ee\/ru\/wp-json\/wp\/v2\/media?parent=4196"}],"wp:term":[{"taxonomy":"product_brand","embeddable":true,"href":"https:\/\/silvanols.ee\/ru\/wp-json\/wp\/v2\/product_brand?post=4196"},{"taxonomy":"product_cat","embeddable":true,"href":"https:\/\/silvanols.ee\/ru\/wp-json\/wp\/v2\/product_cat?post=4196"},{"taxonomy":"product_tag","embeddable":true,"href":"https:\/\/silvanols.ee\/ru\/wp-json\/wp\/v2\/product_tag?post=4196"}],"curies":[{"name":"wp","href":"https:\/\/api.w.org\/{rel}","templated":true}]}}