{"id":4182,"date":"2023-10-30T15:06:44","date_gmt":"2023-10-30T13:06:44","guid":{"rendered":"https:\/\/silvanols.lv\/products\/tribulus-terrestris-100-kaps\/"},"modified":"2024-07-24T11:18:49","modified_gmt":"2024-07-24T08:18:49","slug":"tribulus-terrestris-100-kaps","status":"publish","type":"product","link":"https:\/\/silvanols.ee\/ru\/products\/tribulus-terrestris-100-kaps\/","title":{"rendered":"Tribulus Terrestris 100 kaps."},"content":{"rendered":"<p><span data-sheets-root=\"1\" data-sheets-value=\"{&quot;1&quot;:2,&quot;2&quot;:&quot;Tribulis, Terestris, V\u012brie, V\u012brie\u0161u, V\u012brie\u0161a, V\u012brietim, Man&quot;}\" data-sheets-userformat=\"{&quot;2&quot;:14655,&quot;3&quot;:{&quot;1&quot;:0,&quot;3&quot;:1},&quot;4&quot;:{&quot;1&quot;:2,&quot;2&quot;:14872537},&quot;5&quot;:{&quot;1&quot;:[{&quot;1&quot;:2,&quot;2&quot;:0,&quot;5&quot;:{&quot;1&quot;:0}},{&quot;1&quot;:0,&quot;2&quot;:0,&quot;3&quot;:3},{&quot;1&quot;:1,&quot;2&quot;:0,&quot;4&quot;:1}]},&quot;6&quot;:{&quot;1&quot;:[{&quot;1&quot;:2,&quot;2&quot;:0,&quot;5&quot;:{&quot;1&quot;:0}},{&quot;1&quot;:0,&quot;2&quot;:0,&quot;3&quot;:3},{&quot;1&quot;:1,&quot;2&quot;:0,&quot;4&quot;:1}]},&quot;7&quot;:{&quot;1&quot;:[{&quot;1&quot;:2,&quot;2&quot;:0,&quot;5&quot;:{&quot;1&quot;:0}},{&quot;1&quot;:0,&quot;2&quot;:0,&quot;3&quot;:3},{&quot;1&quot;:1,&quot;2&quot;:0,&quot;4&quot;:1}]},&quot;8&quot;:{&quot;1&quot;:[{&quot;1&quot;:2,&quot;2&quot;:0,&quot;5&quot;:{&quot;1&quot;:0}},{&quot;1&quot;:0,&quot;2&quot;:0,&quot;3&quot;:3},{&quot;1&quot;:1,&quot;2&quot;:0,&quot;4&quot;:1}]},&quot;11&quot;:4,&quot;14&quot;:{&quot;1&quot;:3,&quot;3&quot;:1},&quot;15&quot;:&quot;Calibri&quot;,&quot;16&quot;:11}\">Tribulis, Terestris, V\u012brie, V\u012brie\u0161u, V\u012brie\u0161a, V\u012brietim, Man<\/span><\/p>\n","protected":false},"excerpt":{"rendered":"<p>Tribulis pal\u012bdz saglab\u0101t dabisku seksu\u0101lo aktivit\u0101ti un ener\u0123iju, veicina seksu\u0101lo v\u0113lmi un sp\u0113ju, norm\u0101lu augl\u012bbu un reprodukciju.<\/p>\n<p>&nbsp;<\/p>\n<p>Tas pal\u012bdz:<\/p>\n<ul>\n<li>Dabiskas seksu\u0101l\u0101s aktivit\u0101tes un ener\u0123ijas saglab\u0101\u0161anai<\/li>\n<li>Norm\u0101las augl\u012bbas un reprodukcijas veicin\u0101\u0161anai<\/li>\n<li>Veicina musku\u013cu masas pieaugumu un uzlabo musku\u013cu tonusu<\/li>\n<li>Veicina atjauno\u0161anos p\u0113c slodzes<\/li>\n<\/ul>\n<p>&nbsp;<\/p>\n<p>Tribulus terrestris ir augs, kas aug tropiskaj\u0101 un m\u0113renaj\u0101 klimata zon\u0101. Jau izsenis daudz\u0101s kult\u016br\u0101s tas tiek izmantots da\u017e\u0101du vesel\u012bbas probl\u0113mu risin\u0101\u0161anai, ikdienas un sporta sasniegumu uzlabo\u0161anai. Silvanols produkta sast\u0101v\u0101 ir ne maz\u0101k k\u0101 80% sapon\u012bnu (akt\u012bvo vielu) no Tribulus terrestris aug\u013ca ekstrakta.<\/p>\n","protected":false},"featured_media":6101,"comment_status":"open","ping_status":"closed","template":"","meta":{"_acf_changed":false},"product_brand":[],"product_cat":[111,104,99,114],"product_tag":[688],"class_list":{"0":"post-4182","1":"product","2":"type-product","3":"status-publish","4":"has-post-thumbnail","6":"product_cat-skaistumam-un-labsajutai-ru","7":"product_cat-urinceliem-un-dzimumfunkcijai-ru","8":"product_cat-problemzonam-ru","9":"product_cat-dabas-vielas-ru","10":"product_tag-jekstrakt-plodov-tribulusa","12":"first","13":"outofstock","14":"featured","15":"taxable","16":"shipping-taxable","17":"purchasable","18":"product-type-simple"},"acf":[],"_links":{"self":[{"href":"https:\/\/silvanols.ee\/ru\/wp-json\/wp\/v2\/product\/4182","targetHints":{"allow":["GET"]}}],"collection":[{"href":"https:\/\/silvanols.ee\/ru\/wp-json\/wp\/v2\/product"}],"about":[{"href":"https:\/\/silvanols.ee\/ru\/wp-json\/wp\/v2\/types\/product"}],"replies":[{"embeddable":true,"href":"https:\/\/silvanols.ee\/ru\/wp-json\/wp\/v2\/comments?post=4182"}],"wp:featuredmedia":[{"embeddable":true,"href":"https:\/\/silvanols.ee\/ru\/wp-json\/wp\/v2\/media\/6101"}],"wp:attachment":[{"href":"https:\/\/silvanols.ee\/ru\/wp-json\/wp\/v2\/media?parent=4182"}],"wp:term":[{"taxonomy":"product_brand","embeddable":true,"href":"https:\/\/silvanols.ee\/ru\/wp-json\/wp\/v2\/product_brand?post=4182"},{"taxonomy":"product_cat","embeddable":true,"href":"https:\/\/silvanols.ee\/ru\/wp-json\/wp\/v2\/product_cat?post=4182"},{"taxonomy":"product_tag","embeddable":true,"href":"https:\/\/silvanols.ee\/ru\/wp-json\/wp\/v2\/product_tag?post=4182"}],"curies":[{"name":"wp","href":"https:\/\/api.w.org\/{rel}","templated":true}]}}