{"id":4180,"date":"2023-10-30T15:11:30","date_gmt":"2023-10-30T13:11:30","guid":{"rendered":"https:\/\/silvanols.lv\/products\/acetyl-l-carnitine-120-kaps\/"},"modified":"2025-05-26T22:45:58","modified_gmt":"2025-05-26T19:45:58","slug":"acetyl-l-carnitine-120-kaps","status":"publish","type":"product","link":"https:\/\/silvanols.ee\/ru\/products\/acetyl-l-carnitine-120-kaps\/","title":{"rendered":"Acetyl-L-Carnitine 120 kaps."},"content":{"rendered":"<p>Acetil-L-Carnitine, Acetil-L-Karnit\u012bns, Acetil, Acetils, Karnit\u012bns, Karnitin, Acetilkarnit\u012bns, Acetilkarnitins, Ace, Acet\u012bl, Kar, Ake, Aketil, Aket\u012bl<\/p>\n","protected":false},"excerpt":{"rendered":"<p>Acetil-L-karnit\u012bns ir biolo\u0123iski akt\u012bva viela, kas neliel\u0101 veid\u0101 tiek ra\u017eota cilv\u0113ka organism\u0101. Acetil-L-karnit\u012bns organism\u0101 piedal\u0101s tauksk\u0101bju oksid\u0101cijas procesos, t\u0101d\u0113j\u0101di veicinot tauku p\u0101rv\u0113\u0161anu ener\u0123ij\u0101.<\/p>\n<p>Lietojot acetil-L-karnit\u012bnu pirms fiziskas slodzes, uzlabojas fizisk\u0101 veiktsp\u0113ja un iztur\u012bba.<\/p>\n","protected":false},"featured_media":6127,"comment_status":"open","ping_status":"closed","template":"","meta":{"_acf_changed":false},"product_brand":[],"product_cat":[111,114],"product_tag":[388],"class_list":{"0":"post-4180","1":"product","2":"type-product","3":"status-publish","4":"has-post-thumbnail","6":"product_cat-skaistumam-un-labsajutai-ru","7":"product_cat-dabas-vielas-ru","8":"product_tag-acetil-l-karnitin","10":"first","11":"outofstock","12":"taxable","13":"shipping-taxable","14":"purchasable","15":"product-type-simple"},"acf":[],"_links":{"self":[{"href":"https:\/\/silvanols.ee\/ru\/wp-json\/wp\/v2\/product\/4180","targetHints":{"allow":["GET"]}}],"collection":[{"href":"https:\/\/silvanols.ee\/ru\/wp-json\/wp\/v2\/product"}],"about":[{"href":"https:\/\/silvanols.ee\/ru\/wp-json\/wp\/v2\/types\/product"}],"replies":[{"embeddable":true,"href":"https:\/\/silvanols.ee\/ru\/wp-json\/wp\/v2\/comments?post=4180"}],"wp:featuredmedia":[{"embeddable":true,"href":"https:\/\/silvanols.ee\/ru\/wp-json\/wp\/v2\/media\/6127"}],"wp:attachment":[{"href":"https:\/\/silvanols.ee\/ru\/wp-json\/wp\/v2\/media?parent=4180"}],"wp:term":[{"taxonomy":"product_brand","embeddable":true,"href":"https:\/\/silvanols.ee\/ru\/wp-json\/wp\/v2\/product_brand?post=4180"},{"taxonomy":"product_cat","embeddable":true,"href":"https:\/\/silvanols.ee\/ru\/wp-json\/wp\/v2\/product_cat?post=4180"},{"taxonomy":"product_tag","embeddable":true,"href":"https:\/\/silvanols.ee\/ru\/wp-json\/wp\/v2\/product_tag?post=4180"}],"curies":[{"name":"wp","href":"https:\/\/api.w.org\/{rel}","templated":true}]}}