{"id":4178,"date":"2023-10-30T15:15:04","date_gmt":"2023-10-30T13:15:04","guid":{"rendered":"https:\/\/silvanols.lv\/products\/spirulina-100-kaps\/"},"modified":"2024-07-24T11:18:47","modified_gmt":"2024-07-24T08:18:47","slug":"spirulina-100-kaps","status":"publish","type":"product","link":"https:\/\/silvanols.ee\/ru\/products\/spirulina-100-kaps\/","title":{"rendered":"Spirulina 100 kaps."},"content":{"rendered":"<p><span data-sheets-root=\"1\" data-sheets-value=\"{&quot;1&quot;:2,&quot;2&quot;:&quot;Spirul\u012bna, Sparul\u012bna&quot;}\" data-sheets-userformat=\"{&quot;2&quot;:14655,&quot;3&quot;:{&quot;1&quot;:0,&quot;3&quot;:1},&quot;4&quot;:{&quot;1&quot;:2,&quot;2&quot;:14872537},&quot;5&quot;:{&quot;1&quot;:[{&quot;1&quot;:2,&quot;2&quot;:0,&quot;5&quot;:{&quot;1&quot;:0}},{&quot;1&quot;:0,&quot;2&quot;:0,&quot;3&quot;:3},{&quot;1&quot;:1,&quot;2&quot;:0,&quot;4&quot;:1}]},&quot;6&quot;:{&quot;1&quot;:[{&quot;1&quot;:2,&quot;2&quot;:0,&quot;5&quot;:{&quot;1&quot;:0}},{&quot;1&quot;:0,&quot;2&quot;:0,&quot;3&quot;:3},{&quot;1&quot;:1,&quot;2&quot;:0,&quot;4&quot;:1}]},&quot;7&quot;:{&quot;1&quot;:[{&quot;1&quot;:2,&quot;2&quot;:0,&quot;5&quot;:{&quot;1&quot;:0}},{&quot;1&quot;:0,&quot;2&quot;:0,&quot;3&quot;:3},{&quot;1&quot;:1,&quot;2&quot;:0,&quot;4&quot;:1}]},&quot;8&quot;:{&quot;1&quot;:[{&quot;1&quot;:2,&quot;2&quot;:0,&quot;5&quot;:{&quot;1&quot;:0}},{&quot;1&quot;:0,&quot;2&quot;:0,&quot;3&quot;:3},{&quot;1&quot;:1,&quot;2&quot;:0,&quot;4&quot;:1}]},&quot;11&quot;:4,&quot;14&quot;:{&quot;1&quot;:3,&quot;3&quot;:1},&quot;15&quot;:&quot;Calibri&quot;,&quot;16&quot;:11}\">Spirul\u012bna, Sparul\u012bna<\/span><\/p>\n","protected":false},"excerpt":{"rendered":"<ul>\n<li>Augsts olbaltumvielu saturs<\/li>\n<li>Augsts dzelzs, magnija, k\u0101lija saturs un B grupas vitam\u012bnu avots<\/li>\n<li>Piem\u0113rots veg\u0101niem<\/li>\n<\/ul>\n<p>&nbsp;<\/p>\n<p>Spirul\u012bna (Spirulina platensis) ir unik\u0101la mikroa\u013c\u0123e ar augstu biolo\u0123isko aktivit\u0101ti \u2013 piem\u012bt antioksidantu, pretiekaisuma u.c \u012bpa\u0161\u012bbas, un m\u016bsdien\u0101s t\u0101 tiek pla\u0161i izmantota k\u0101 uztura bag\u0101tin\u0101t\u0101js.<\/p>\n<p>Spirul\u012bna ir viens no vec\u0101kajiem m\u016bsu plan\u0113tas augiem, k\u0101 ar\u012b tas ir pirmais za\u013cais organisms, kas s\u0101ka ra\u017eot sk\u0101bekli. Spirul\u012bna ir unik\u0101ls organisms, kas praktiski ir vien\u012bgais izdz\u012bvojis l\u012bdz m\u016bsdien\u0101m, ar \u013coti unik\u0101lu sast\u0101vu. Spirul\u012bnai ir \u013coti augsts olbaltumvielu saturs, l\u012bdz pat 70%. T\u0101 bag\u0101t\u012bgi satur da\u017e\u0101dus vitam\u012bnus, it sevi\u0161\u0137i B grupas vitam\u012bnus, un miner\u0101lvielas \u2013 dzelzi un magniju, k\u0101liju.<\/p>\n<p>Bag\u0101tinot savu uzturu ar v\u0113rt\u012bgo spirul\u012bnu, tas b\u016bs sp\u0113cino\u0161s papildin\u0101jums uzturam. Spirul\u012bna pal\u012bdz uztur\u0113t organisma tonusu un vitalit\u0101ti, vairojot ener\u0123iju un samazinot nogurumu.<\/p>\n","protected":false},"featured_media":6107,"comment_status":"open","ping_status":"closed","template":"","meta":{"_acf_changed":false},"product_brand":[],"product_cat":[111,114],"product_tag":[682],"class_list":{"0":"post-4178","1":"product","2":"type-product","3":"status-publish","4":"has-post-thumbnail","6":"product_cat-skaistumam-un-labsajutai-ru","7":"product_cat-dabas-vielas-ru","8":"product_tag-spirulina","10":"first","11":"outofstock","12":"taxable","13":"shipping-taxable","14":"purchasable","15":"product-type-simple"},"acf":[],"_links":{"self":[{"href":"https:\/\/silvanols.ee\/ru\/wp-json\/wp\/v2\/product\/4178","targetHints":{"allow":["GET"]}}],"collection":[{"href":"https:\/\/silvanols.ee\/ru\/wp-json\/wp\/v2\/product"}],"about":[{"href":"https:\/\/silvanols.ee\/ru\/wp-json\/wp\/v2\/types\/product"}],"replies":[{"embeddable":true,"href":"https:\/\/silvanols.ee\/ru\/wp-json\/wp\/v2\/comments?post=4178"}],"wp:featuredmedia":[{"embeddable":true,"href":"https:\/\/silvanols.ee\/ru\/wp-json\/wp\/v2\/media\/6107"}],"wp:attachment":[{"href":"https:\/\/silvanols.ee\/ru\/wp-json\/wp\/v2\/media?parent=4178"}],"wp:term":[{"taxonomy":"product_brand","embeddable":true,"href":"https:\/\/silvanols.ee\/ru\/wp-json\/wp\/v2\/product_brand?post=4178"},{"taxonomy":"product_cat","embeddable":true,"href":"https:\/\/silvanols.ee\/ru\/wp-json\/wp\/v2\/product_cat?post=4178"},{"taxonomy":"product_tag","embeddable":true,"href":"https:\/\/silvanols.ee\/ru\/wp-json\/wp\/v2\/product_tag?post=4178"}],"curies":[{"name":"wp","href":"https:\/\/api.w.org\/{rel}","templated":true}]}}