{"id":4176,"date":"2023-10-30T15:22:50","date_gmt":"2023-10-30T13:22:50","guid":{"rendered":"https:\/\/silvanols.lv\/products\/moringa-60-kaps\/"},"modified":"2025-05-28T02:40:30","modified_gmt":"2025-05-27T23:40:30","slug":"moringa-60-kaps","status":"publish","type":"product","link":"https:\/\/silvanols.ee\/ru\/products\/moringa-60-kaps\/","title":{"rendered":"Moringa 60 kaps."},"content":{"rendered":"","protected":false},"excerpt":{"rendered":"<p>Dab\u012bgs vitam\u012bnu, miner\u0101lvielu un antioksidantu avots.<\/p>\n<p><a href=\"https:\/\/silvanols.ee\/moringa-vai-jauns-superprodukts-7\/\">Moringa<\/a> ir viens no vissp\u0113c\u012bg\u0101kajiem vesel\u012bbu veicino\u0161ajiem augiem, kuram ir \u013coti augsta uzturv\u0113rt\u012bba. Dab\u012bgs sp\u0113ka un ener\u0123ijas dev\u0113js organismam, apg\u0101d\u0101jot to ar \u012bpa\u0161i v\u0113rt\u012bg\u0101m viel\u0101m \u2013 vitam\u012bniem (piem., C, B grupas vitam\u012bni), miner\u0101lviel\u0101m (k\u0101lijs, kalcijs), aminosk\u0101bes, antioksidanti (vismaz 47).<\/p>\n<p><a href=\"https:\/\/silvanols.ee\/moringa-vai-jauns-superprodukts-7\/\">Moringas (Moringa oleifera)<\/a> auga izcel\u0161an\u0101s vieta n\u0101k no Himalaju re\u0123iona, m\u016bsdien\u0101s \u0161is augs pla\u0161i tiek audz\u0113ts \u0100frik\u0101, \u0100zij\u0101, Dienvidamerik\u0101 un viscaur tropos.<br \/>\nAuga augst\u0101 uzturv\u0113rt\u012bba padara \u0161o augu par \u012bstenu dabas superl\u012bdzekli, kas sev\u012b satur:<\/p>\n<ul>\n<li>10 reizes vair\u0101k vitam\u012bna A nek\u0101 burk\u0101nos;<\/li>\n<li>7 reizes vair\u0101k C vitam\u012bna nek\u0101 apels\u012bnos;<\/li>\n<li>15 reizes vair\u0101k k\u0101lija nek\u0101 ban\u0101nos;<\/li>\n<li>25 reizes vair\u0101k dzelzs nek\u0101 spin\u0101tos;<\/li>\n<li>17 reizes vair\u0101k kalcija nek\u0101 pien\u0101;<\/li>\n<li>9 reizes vair\u0101k olbaltumvielu nek\u0101 jogurt\u0101;<\/li>\n<li>47 da\u017e\u0101dus antioksidantus.<\/li>\n<\/ul>\n","protected":false},"featured_media":6113,"comment_status":"open","ping_status":"closed","template":"","meta":{"_acf_changed":false},"product_brand":[],"product_cat":[111,114],"product_tag":[601],"class_list":{"0":"post-4176","1":"product","2":"type-product","3":"status-publish","4":"has-post-thumbnail","6":"product_cat-skaistumam-un-labsajutai-ru","7":"product_cat-dabas-vielas-ru","8":"product_tag-jekstrakt-listev-moringi","10":"first","11":"outofstock","12":"taxable","13":"shipping-taxable","14":"purchasable","15":"product-type-simple"},"acf":[],"_links":{"self":[{"href":"https:\/\/silvanols.ee\/ru\/wp-json\/wp\/v2\/product\/4176","targetHints":{"allow":["GET"]}}],"collection":[{"href":"https:\/\/silvanols.ee\/ru\/wp-json\/wp\/v2\/product"}],"about":[{"href":"https:\/\/silvanols.ee\/ru\/wp-json\/wp\/v2\/types\/product"}],"replies":[{"embeddable":true,"href":"https:\/\/silvanols.ee\/ru\/wp-json\/wp\/v2\/comments?post=4176"}],"wp:featuredmedia":[{"embeddable":true,"href":"https:\/\/silvanols.ee\/ru\/wp-json\/wp\/v2\/media\/6113"}],"wp:attachment":[{"href":"https:\/\/silvanols.ee\/ru\/wp-json\/wp\/v2\/media?parent=4176"}],"wp:term":[{"taxonomy":"product_brand","embeddable":true,"href":"https:\/\/silvanols.ee\/ru\/wp-json\/wp\/v2\/product_brand?post=4176"},{"taxonomy":"product_cat","embeddable":true,"href":"https:\/\/silvanols.ee\/ru\/wp-json\/wp\/v2\/product_cat?post=4176"},{"taxonomy":"product_tag","embeddable":true,"href":"https:\/\/silvanols.ee\/ru\/wp-json\/wp\/v2\/product_tag?post=4176"}],"curies":[{"name":"wp","href":"https:\/\/api.w.org\/{rel}","templated":true}]}}