{"id":4172,"date":"2023-10-30T15:30:24","date_gmt":"2023-10-30T13:30:24","guid":{"rendered":"https:\/\/silvanols.lv\/products\/komplekts-viriesa-energijai\/"},"modified":"2024-02-15T13:47:10","modified_gmt":"2024-02-15T11:47:10","slug":"komplekts-viriesa-energijai","status":"publish","type":"product","link":"https:\/\/silvanols.ee\/ru\/products\/komplekts-viriesa-energijai\/","title":{"rendered":"Komplekts v\u012brie\u0161a ener\u0123ijai"},"content":{"rendered":"<p><span data-sheets-root=\"1\" data-sheets-value=\"{&quot;1&quot;:2,&quot;2&quot;:&quot;Acetil-L-Carnitine, Acetil-L-Karnit\u012bns, Acetil, Acetils, Karnit\u012bns, Karnitin, Acetilkarnit\u012bns, Acetilkarnitins, Ace, Acet\u012bl, Kar, Ake, Aketil, Aket\u012bl, Tribulis, Terestris, V\u012brie, V\u012brie\u0161u, V\u012brie\u0161a, V\u012brietim, Man&quot;}\" data-sheets-userformat=\"{&quot;2&quot;:14655,&quot;3&quot;:{&quot;1&quot;:0,&quot;3&quot;:1},&quot;4&quot;:{&quot;1&quot;:2,&quot;2&quot;:16708299},&quot;5&quot;:{&quot;1&quot;:[{&quot;1&quot;:2,&quot;2&quot;:0,&quot;5&quot;:{&quot;1&quot;:0}},{&quot;1&quot;:0,&quot;2&quot;:0,&quot;3&quot;:3},{&quot;1&quot;:1,&quot;2&quot;:0,&quot;4&quot;:1}]},&quot;6&quot;:{&quot;1&quot;:[{&quot;1&quot;:2,&quot;2&quot;:0,&quot;5&quot;:{&quot;1&quot;:0}},{&quot;1&quot;:0,&quot;2&quot;:0,&quot;3&quot;:3},{&quot;1&quot;:1,&quot;2&quot;:0,&quot;4&quot;:1}]},&quot;7&quot;:{&quot;1&quot;:[{&quot;1&quot;:2,&quot;2&quot;:0,&quot;5&quot;:{&quot;1&quot;:0}},{&quot;1&quot;:0,&quot;2&quot;:0,&quot;3&quot;:3},{&quot;1&quot;:1,&quot;2&quot;:0,&quot;4&quot;:1}]},&quot;8&quot;:{&quot;1&quot;:[{&quot;1&quot;:2,&quot;2&quot;:0,&quot;5&quot;:{&quot;1&quot;:0}},{&quot;1&quot;:0,&quot;2&quot;:0,&quot;3&quot;:3},{&quot;1&quot;:1,&quot;2&quot;:0,&quot;4&quot;:1}]},&quot;11&quot;:4,&quot;14&quot;:{&quot;1&quot;:3,&quot;3&quot;:1},&quot;15&quot;:&quot;Calibri&quot;,&quot;16&quot;:11}\">Acetil-L-Carnitine, Acetil-L-Karnit\u012bns, Acetil, Acetils, Karnit\u012bns, Karnitin, Acetilkarnit\u012bns, Acetilkarnitins, Ace, Acet\u012bl, Kar, Ake, Aketil, Aket\u012bl, Tribulis, Terestris, V\u012brie, V\u012brie\u0161u, V\u012brie\u0161a, V\u012brietim, Man<\/span><\/p>\n","protected":false},"excerpt":{"rendered":"<p>1 <a href=\"https:\/\/silvanols.ee\/product\/acetyl-l-carnitine-120-kaps\/\">ACETYL-L-CARNITINE 120 kaps. <\/a>+ 1 <a href=\"https:\/\/silvanols.ee\/product\/tribulus-terrestris-100-kaps\/\">TRIBULUS TERRESTRIS 100 kaps.\u00a0<\/a><\/p>\n<p>Divas svar\u012bgas vielas v\u012brie\u0161a sp\u0113ka un ener\u0123ijas paaugstin\u0101\u0161anai. Acetil-L- karnit\u012bns pal\u012bdz uzlabot fizisk\u0101s slodzes veiktsp\u0113ju, palielina organisma iztur\u012bbu. Savuk\u0101rt, tribulis pal\u012bdz saglab\u0101t dabisku seksu\u0101lo aktivit\u0101ti un ener\u0123iju, veicina seksu\u0101lo v\u0113lmi un sp\u0113ju, norm\u0101lu augl\u012bbu un reprodukciju.<\/p>\n<p><strong>NEIZMANTOT UZTURA BAG\u0100TIN\u0100T\u0100JU K\u0100 PILNV\u0112RT\u012aGA, SABALANS\u0112TA UZTURA UN VESEL\u012aGA DZ\u012aVESVEIDA AIZVIETOT\u0100JU.<\/strong><\/p>\n","protected":false},"featured_media":7986,"comment_status":"open","ping_status":"closed","template":"","meta":{"_acf_changed":false},"product_brand":[],"product_cat":[105,111,114],"product_tag":[],"class_list":{"0":"post-4172","1":"product","2":"type-product","3":"status-publish","4":"has-post-thumbnail","6":"product_cat-produktu-komplekti-ru","7":"product_cat-skaistumam-un-labsajutai-ru","8":"product_cat-dabas-vielas-ru","10":"first","11":"instock","12":"taxable","13":"shipping-taxable","14":"purchasable","15":"product-type-simple"},"acf":[],"_links":{"self":[{"href":"https:\/\/silvanols.ee\/ru\/wp-json\/wp\/v2\/product\/4172","targetHints":{"allow":["GET"]}}],"collection":[{"href":"https:\/\/silvanols.ee\/ru\/wp-json\/wp\/v2\/product"}],"about":[{"href":"https:\/\/silvanols.ee\/ru\/wp-json\/wp\/v2\/types\/product"}],"replies":[{"embeddable":true,"href":"https:\/\/silvanols.ee\/ru\/wp-json\/wp\/v2\/comments?post=4172"}],"wp:featuredmedia":[{"embeddable":true,"href":"https:\/\/silvanols.ee\/ru\/wp-json\/wp\/v2\/media\/7986"}],"wp:attachment":[{"href":"https:\/\/silvanols.ee\/ru\/wp-json\/wp\/v2\/media?parent=4172"}],"wp:term":[{"taxonomy":"product_brand","embeddable":true,"href":"https:\/\/silvanols.ee\/ru\/wp-json\/wp\/v2\/product_brand?post=4172"},{"taxonomy":"product_cat","embeddable":true,"href":"https:\/\/silvanols.ee\/ru\/wp-json\/wp\/v2\/product_cat?post=4172"},{"taxonomy":"product_tag","embeddable":true,"href":"https:\/\/silvanols.ee\/ru\/wp-json\/wp\/v2\/product_tag?post=4172"}],"curies":[{"name":"wp","href":"https:\/\/api.w.org\/{rel}","templated":true}]}}