{"id":4170,"date":"2023-10-30T15:32:51","date_gmt":"2023-10-30T13:32:51","guid":{"rendered":"https:\/\/silvanols.lv\/products\/superproduktu-komplekts\/"},"modified":"2025-05-26T19:18:54","modified_gmt":"2025-05-26T16:18:54","slug":"superproduktu-komplekts","status":"publish","type":"product","link":"https:\/\/silvanols.ee\/ru\/products\/superproduktu-komplekts\/","title":{"rendered":"Superproduktu komplekts"},"content":{"rendered":"<p><span data-sheets-root=\"1\" data-sheets-value=\"{&quot;1&quot;:2,&quot;2&quot;:&quot;Spirul\u012bna, Sparul\u012bna&quot;}\" data-sheets-userformat=\"{&quot;2&quot;:14655,&quot;3&quot;:{&quot;1&quot;:0,&quot;3&quot;:1},&quot;4&quot;:{&quot;1&quot;:2,&quot;2&quot;:16708299},&quot;5&quot;:{&quot;1&quot;:[{&quot;1&quot;:2,&quot;2&quot;:0,&quot;5&quot;:{&quot;1&quot;:0}},{&quot;1&quot;:0,&quot;2&quot;:0,&quot;3&quot;:3},{&quot;1&quot;:1,&quot;2&quot;:0,&quot;4&quot;:1}]},&quot;6&quot;:{&quot;1&quot;:[{&quot;1&quot;:2,&quot;2&quot;:0,&quot;5&quot;:{&quot;1&quot;:0}},{&quot;1&quot;:0,&quot;2&quot;:0,&quot;3&quot;:3},{&quot;1&quot;:1,&quot;2&quot;:0,&quot;4&quot;:1}]},&quot;7&quot;:{&quot;1&quot;:[{&quot;1&quot;:2,&quot;2&quot;:0,&quot;5&quot;:{&quot;1&quot;:0}},{&quot;1&quot;:0,&quot;2&quot;:0,&quot;3&quot;:3},{&quot;1&quot;:1,&quot;2&quot;:0,&quot;4&quot;:1}]},&quot;8&quot;:{&quot;1&quot;:[{&quot;1&quot;:2,&quot;2&quot;:0,&quot;5&quot;:{&quot;1&quot;:0}},{&quot;1&quot;:0,&quot;2&quot;:0,&quot;3&quot;:3},{&quot;1&quot;:1,&quot;2&quot;:0,&quot;4&quot;:1}]},&quot;11&quot;:4,&quot;14&quot;:{&quot;1&quot;:3,&quot;3&quot;:1},&quot;15&quot;:&quot;Calibri&quot;,&quot;16&quot;:11}\">Spirul\u012bna, Sparul\u012bna<\/span><\/p>\n","protected":false},"excerpt":{"rendered":"<p>1 <a href=\"https:\/\/silvanols.ee\/product\/moringa-60-kaps\/\">MORINGA 60 kaps.<\/a> + 1 <a href=\"https:\/\/silvanols.ee\/product\/spirulina-100-kaps\/\">SPIRULINA 100 kaps.\u00a0<\/a><\/p>\n<p>Sp\u0113c\u012bgs superproduktu komplekts, kas daudzveid\u012bgi papildina ikdienas uzturu ar uzturviel\u0101m. Gan moringu, gan spirul\u012bnu sava unik\u0101l\u0101 sast\u0101va d\u0113\u013c dro\u0161i var pieskait\u012bt pie superproduktiem.<\/p>\n<p>Moringa satur:<\/p>\n<ul>\n<li>10 reizes vair\u0101k vitam\u012bna A nek\u0101 burk\u0101nos;<\/li>\n<li>25 reizes vair\u0101k dzelzs nek\u0101 spin\u0101tos;<\/li>\n<li>15 reizes k\u0101lija nek\u0101 ban\u0101nos;<\/li>\n<li>17 reizes vair\u0101k kalcija nek\u0101 pien\u0101;<\/li>\n<li>9 reizes vair\u0101k olbaltumvielu nek\u0101 jogurt\u0101, k\u0101 ar\u012b 47 da\u017e\u0101dus antioksidantus.<\/li>\n<\/ul>\n<p>Spirul\u012bna satur:<br \/>\nSpirul\u012bna satur iev\u0113rojamu daudzumu kalcija, niac\u012bna (vitam\u012bns B3), k\u0101lija, magnija, B vitam\u012bnus un dzelzi. T\u0101 satur noz\u012bm\u012bgu daudzumu olbaltumvielu, olbaltumvielu daudzums ir tik noz\u012bm\u012bgs, ka satur pat no 60-70% no spirul\u012bnas saus\u0101 svara.<\/p>\n<p><strong>NEIZMANTOT UZTURA BAG\u0100TIN\u0100T\u0100JU K\u0100 PILNV\u0112RT\u012aGA, SABALANS\u0112TA UZTURA UN VESEL\u012aGA DZ\u012aVESVEIDA AIZVIETOT\u0100JU.\u00a0<\/strong><\/p>\n","protected":false},"featured_media":6104,"comment_status":"open","ping_status":"closed","template":"","meta":{"_acf_changed":false},"product_brand":[],"product_cat":[105,111,114],"product_tag":[],"class_list":{"0":"post-4170","1":"product","2":"type-product","3":"status-publish","4":"has-post-thumbnail","6":"product_cat-produktu-komplekti-ru","7":"product_cat-skaistumam-un-labsajutai-ru","8":"product_cat-dabas-vielas-ru","10":"first","11":"outofstock","12":"taxable","13":"shipping-taxable","14":"purchasable","15":"product-type-simple"},"acf":[],"_links":{"self":[{"href":"https:\/\/silvanols.ee\/ru\/wp-json\/wp\/v2\/product\/4170","targetHints":{"allow":["GET"]}}],"collection":[{"href":"https:\/\/silvanols.ee\/ru\/wp-json\/wp\/v2\/product"}],"about":[{"href":"https:\/\/silvanols.ee\/ru\/wp-json\/wp\/v2\/types\/product"}],"replies":[{"embeddable":true,"href":"https:\/\/silvanols.ee\/ru\/wp-json\/wp\/v2\/comments?post=4170"}],"wp:featuredmedia":[{"embeddable":true,"href":"https:\/\/silvanols.ee\/ru\/wp-json\/wp\/v2\/media\/6104"}],"wp:attachment":[{"href":"https:\/\/silvanols.ee\/ru\/wp-json\/wp\/v2\/media?parent=4170"}],"wp:term":[{"taxonomy":"product_brand","embeddable":true,"href":"https:\/\/silvanols.ee\/ru\/wp-json\/wp\/v2\/product_brand?post=4170"},{"taxonomy":"product_cat","embeddable":true,"href":"https:\/\/silvanols.ee\/ru\/wp-json\/wp\/v2\/product_cat?post=4170"},{"taxonomy":"product_tag","embeddable":true,"href":"https:\/\/silvanols.ee\/ru\/wp-json\/wp\/v2\/product_tag?post=4170"}],"curies":[{"name":"wp","href":"https:\/\/api.w.org\/{rel}","templated":true}]}}