{"id":4166,"date":"2023-10-30T17:16:19","date_gmt":"2023-10-30T15:16:19","guid":{"rendered":"https:\/\/silvanols.lv\/products\/resveratrol-60-kaps\/"},"modified":"2024-07-24T11:18:37","modified_gmt":"2024-07-24T08:18:37","slug":"resveratrol-60-kaps","status":"publish","type":"product","link":"https:\/\/silvanols.ee\/ru\/products\/resveratrol-60-kaps\/","title":{"rendered":"RESVERATROL 60 kaps."},"content":{"rendered":"<p><span data-sheets-root=\"1\" data-sheets-value=\"{&quot;1&quot;:2,&quot;2&quot;:&quot;Rezveratrol, Resveratrols, Rezver&quot;}\" data-sheets-userformat=\"{&quot;2&quot;:14655,&quot;3&quot;:{&quot;1&quot;:0,&quot;3&quot;:1},&quot;4&quot;:{&quot;1&quot;:2,&quot;2&quot;:14872537},&quot;5&quot;:{&quot;1&quot;:[{&quot;1&quot;:2,&quot;2&quot;:0,&quot;5&quot;:{&quot;1&quot;:0}},{&quot;1&quot;:0,&quot;2&quot;:0,&quot;3&quot;:3},{&quot;1&quot;:1,&quot;2&quot;:0,&quot;4&quot;:1}]},&quot;6&quot;:{&quot;1&quot;:[{&quot;1&quot;:2,&quot;2&quot;:0,&quot;5&quot;:{&quot;1&quot;:0}},{&quot;1&quot;:0,&quot;2&quot;:0,&quot;3&quot;:3},{&quot;1&quot;:1,&quot;2&quot;:0,&quot;4&quot;:1}]},&quot;7&quot;:{&quot;1&quot;:[{&quot;1&quot;:2,&quot;2&quot;:0,&quot;5&quot;:{&quot;1&quot;:0}},{&quot;1&quot;:0,&quot;2&quot;:0,&quot;3&quot;:3},{&quot;1&quot;:1,&quot;2&quot;:0,&quot;4&quot;:1}]},&quot;8&quot;:{&quot;1&quot;:[{&quot;1&quot;:2,&quot;2&quot;:0,&quot;5&quot;:{&quot;1&quot;:0}},{&quot;1&quot;:0,&quot;2&quot;:0,&quot;3&quot;:3},{&quot;1&quot;:1,&quot;2&quot;:0,&quot;4&quot;:1}]},&quot;11&quot;:4,&quot;14&quot;:{&quot;1&quot;:3,&quot;3&quot;:1},&quot;15&quot;:&quot;Calibri&quot;,&quot;16&quot;:11}\">Rezveratrol, Resveratrols, Rezver<\/span><\/p>\n","protected":false},"excerpt":{"rendered":"<ul>\n<li>Neitraliz\u0113 un izvada br\u012bvos radik\u0101\u013cus;<\/li>\n<li>Sirds un asinsvadu sist\u0113mas profilakse;<\/li>\n<li>Vecuma slim\u012bbu profilakse.<\/li>\n<\/ul>\n<p>Resveratrols \u2013 dabas vielu antioksidants, kur\u0161 visliel\u0101k\u0101 koncentr\u0101cij\u0101 ir sarkanaj\u0101s v\u012bnog\u0101s un \u00a0t\u0101s produktos (v\u012bns un sula).\u00a0 Resveratrolu augi sintez\u0113 k\u0101 dabisku aizsargreakciju, kad tie tiek pak\u013cauti infekcij\u0101m vai ultravioletajam starojumam. Resveratrolam k\u0101 sp\u0113c\u012bgam antioksidantam, piem\u012bt sp\u0113ja neitraliz\u0113t organism\u0101 izveidoju\u0161os br\u012bvos radik\u0101lus. Organism\u0101 uzkr\u0101joties br\u012bvajiem radik\u0101liem, pa\u0101trin\u0101s noveco\u0161an\u0101s, var veidoties vide da\u017e\u0101du slim\u012bbu att\u012bst\u012bbai.<\/p>\n<p>Pateicoties sav\u0101m antioksidantu \u012bpa\u0161\u012bb\u0101m, resveratrolam piem\u012bt pozit\u012bva ietekme uz sirds darb\u012bbas uzlabo\u0161anu.<\/p>\n<p>Piem\u0113rots veg\u0101niem. Nesatur \u0122MO.<\/p>\n","protected":false},"featured_media":6645,"comment_status":"open","ping_status":"closed","template":"","meta":{"_acf_changed":false},"product_brand":[],"product_cat":[112,111,99,103],"product_tag":[687],"class_list":{"0":"post-4166","1":"product","2":"type-product","3":"status-publish","4":"has-post-thumbnail","6":"product_cat-anti-aging-ru","7":"product_cat-skaistumam-un-labsajutai-ru","8":"product_cat-problemzonam-ru","9":"product_cat-sirdij-un-asinsritei-problemzonam-ru","10":"product_tag-trans-resveratrol-ru","12":"first","13":"instock","14":"taxable","15":"shipping-taxable","16":"purchasable","17":"product-type-simple"},"acf":[],"_links":{"self":[{"href":"https:\/\/silvanols.ee\/ru\/wp-json\/wp\/v2\/product\/4166","targetHints":{"allow":["GET"]}}],"collection":[{"href":"https:\/\/silvanols.ee\/ru\/wp-json\/wp\/v2\/product"}],"about":[{"href":"https:\/\/silvanols.ee\/ru\/wp-json\/wp\/v2\/types\/product"}],"replies":[{"embeddable":true,"href":"https:\/\/silvanols.ee\/ru\/wp-json\/wp\/v2\/comments?post=4166"}],"wp:featuredmedia":[{"embeddable":true,"href":"https:\/\/silvanols.ee\/ru\/wp-json\/wp\/v2\/media\/6645"}],"wp:attachment":[{"href":"https:\/\/silvanols.ee\/ru\/wp-json\/wp\/v2\/media?parent=4166"}],"wp:term":[{"taxonomy":"product_brand","embeddable":true,"href":"https:\/\/silvanols.ee\/ru\/wp-json\/wp\/v2\/product_brand?post=4166"},{"taxonomy":"product_cat","embeddable":true,"href":"https:\/\/silvanols.ee\/ru\/wp-json\/wp\/v2\/product_cat?post=4166"},{"taxonomy":"product_tag","embeddable":true,"href":"https:\/\/silvanols.ee\/ru\/wp-json\/wp\/v2\/product_tag?post=4166"}],"curies":[{"name":"wp","href":"https:\/\/api.w.org\/{rel}","templated":true}]}}