{"id":4162,"date":"2023-10-30T17:25:42","date_gmt":"2023-10-30T15:25:42","guid":{"rendered":"https:\/\/silvanols.lv\/products\/collagen-beauty-120-kaps\/"},"modified":"2025-05-27T12:43:25","modified_gmt":"2025-05-27T09:43:25","slug":"collagen-beauty-120-kaps","status":"publish","type":"product","link":"https:\/\/silvanols.ee\/ru\/products\/collagen-beauty-120-kaps\/","title":{"rendered":"Collagen Beauty 120 kaps."},"content":{"rendered":"<p><span data-sheets-root=\"1\" data-sheets-value=\"{&quot;1&quot;:2,&quot;2&quot;:&quot;Kolag\u0113ns, Colagen, Cola, Colla, Kola, Kolla, Bj\u016bti, Bj\u016bt\u012b&quot;}\" data-sheets-userformat=\"{&quot;2&quot;:14655,&quot;3&quot;:{&quot;1&quot;:0,&quot;3&quot;:1},&quot;4&quot;:{&quot;1&quot;:2,&quot;2&quot;:14872537},&quot;5&quot;:{&quot;1&quot;:[{&quot;1&quot;:2,&quot;2&quot;:0,&quot;5&quot;:{&quot;1&quot;:0}},{&quot;1&quot;:0,&quot;2&quot;:0,&quot;3&quot;:3},{&quot;1&quot;:1,&quot;2&quot;:0,&quot;4&quot;:1}]},&quot;6&quot;:{&quot;1&quot;:[{&quot;1&quot;:2,&quot;2&quot;:0,&quot;5&quot;:{&quot;1&quot;:0}},{&quot;1&quot;:0,&quot;2&quot;:0,&quot;3&quot;:3},{&quot;1&quot;:1,&quot;2&quot;:0,&quot;4&quot;:1}]},&quot;7&quot;:{&quot;1&quot;:[{&quot;1&quot;:2,&quot;2&quot;:0,&quot;5&quot;:{&quot;1&quot;:0}},{&quot;1&quot;:0,&quot;2&quot;:0,&quot;3&quot;:3},{&quot;1&quot;:1,&quot;2&quot;:0,&quot;4&quot;:1}]},&quot;8&quot;:{&quot;1&quot;:[{&quot;1&quot;:2,&quot;2&quot;:0,&quot;5&quot;:{&quot;1&quot;:0}},{&quot;1&quot;:0,&quot;2&quot;:0,&quot;3&quot;:3},{&quot;1&quot;:1,&quot;2&quot;:0,&quot;4&quot;:1}]},&quot;11&quot;:4,&quot;14&quot;:{&quot;1&quot;:3,&quot;3&quot;:1},&quot;15&quot;:&quot;Calibri&quot;,&quot;16&quot;:11}\">Kolag\u0113ns, Colagen, Cola, Colla, Kola, Kolla, Bj\u016bti, Bj\u016bt\u012b<\/span><\/p>\n","protected":false},"excerpt":{"rendered":"<p>Collagen Beauty sast\u0101vs ir veidots izv\u0113loties \u012bpa\u0161as akt\u012bv\u0101s vielas tie\u0161i \u0101das, matu un nagu vesel\u012bbai un skaistumam.\u00a0 \u012apa\u0161i ir j\u0101izce\u013c Collagen Beauty sast\u0101v\u0101 eso\u0161ais j\u016bras (zivju) izcelsmes kolag\u0113ns. Collagen Beauty sast\u0101v\u0101 eso\u0161ais j\u016bras kolag\u0113ns ir I tipa kolag\u0113ns hidroliz\u0113t\u0101 veid\u0101, kas viegli un \u0101tri uzs\u016bcas organism\u0101, t\u0101d\u0113j\u0101di sniedzot \u0101dai maksim\u0101lu efektu.<\/p>\n<p>&nbsp;<\/p>\n<p>J\u016bras kolag\u0113ns organism\u0101 uzs\u016bcas 1.5 rei\u017eu \u0101tr\u0101k, l\u012bdz ar to ar\u012b lab\u0101ka iedarb\u012bba organism\u0101.<\/p>\n<p>&nbsp;<\/p>\n<p>Kolag\u0113ns ir olbaltumviela, kas veido saistaudus, un sast\u0101da noz\u012bm\u012bgu da\u013cu no organisma prote\u012bniem.<\/p>\n<p>&nbsp;<\/p>\n<p>Sast\u0101v\u0101 eso\u0161ais vitam\u012bns C \u2013 veicina norm\u0101lu kolag\u0113na veido\u0161anos, kas nepiecie\u0161ams norm\u0101lai \u0101das, smaganu un zobu darb\u012bbai.<\/p>\n<p>Cinks pal\u012bdz uztur\u0113t matu, nagu un \u0101das vesel\u012bbu, veicina norm\u0101lu olbaltumvielu sint\u0113zi, k\u0101 ar\u012b\u00a0 pal\u012bdz uztur\u0113t norm\u0101lu redzi.<\/p>\n<p>Vitam\u012bns B7 jeb biot\u012bns pal\u012bdz uztur\u0113t matu, \u0101das un g\u013cot\u0101das vesel\u012bbu.<\/p>\n","protected":false},"featured_media":10080,"comment_status":"open","ping_status":"closed","template":"","meta":{"_acf_changed":false},"product_brand":[],"product_cat":[112,111],"product_tag":[450,522,448],"class_list":{"0":"post-4162","1":"product","2":"type-product","3":"status-publish","4":"has-post-thumbnail","6":"product_cat-anti-aging-ru","7":"product_cat-skaistumam-un-labsajutai-ru","8":"product_tag-vitamin-c","9":"product_tag-morskoj-kollagen","10":"product_tag-cink","12":"first","13":"outofstock","14":"taxable","15":"shipping-taxable","16":"purchasable","17":"product-type-simple"},"acf":[],"_links":{"self":[{"href":"https:\/\/silvanols.ee\/ru\/wp-json\/wp\/v2\/product\/4162","targetHints":{"allow":["GET"]}}],"collection":[{"href":"https:\/\/silvanols.ee\/ru\/wp-json\/wp\/v2\/product"}],"about":[{"href":"https:\/\/silvanols.ee\/ru\/wp-json\/wp\/v2\/types\/product"}],"replies":[{"embeddable":true,"href":"https:\/\/silvanols.ee\/ru\/wp-json\/wp\/v2\/comments?post=4162"}],"wp:featuredmedia":[{"embeddable":true,"href":"https:\/\/silvanols.ee\/ru\/wp-json\/wp\/v2\/media\/10080"}],"wp:attachment":[{"href":"https:\/\/silvanols.ee\/ru\/wp-json\/wp\/v2\/media?parent=4162"}],"wp:term":[{"taxonomy":"product_brand","embeddable":true,"href":"https:\/\/silvanols.ee\/ru\/wp-json\/wp\/v2\/product_brand?post=4162"},{"taxonomy":"product_cat","embeddable":true,"href":"https:\/\/silvanols.ee\/ru\/wp-json\/wp\/v2\/product_cat?post=4162"},{"taxonomy":"product_tag","embeddable":true,"href":"https:\/\/silvanols.ee\/ru\/wp-json\/wp\/v2\/product_tag?post=4162"}],"curies":[{"name":"wp","href":"https:\/\/api.w.org\/{rel}","templated":true}]}}