{"id":4160,"date":"2023-10-30T17:41:09","date_gmt":"2023-10-30T15:41:09","guid":{"rendered":"https:\/\/silvanols.lv\/products\/premium-marine-collagen-400-g\/"},"modified":"2025-05-27T18:14:47","modified_gmt":"2025-05-27T15:14:47","slug":"premium-marine-collagen-400-g","status":"publish","type":"product","link":"https:\/\/silvanols.ee\/ru\/products\/premium-marine-collagen-400-g\/","title":{"rendered":"PREMIUM MARINE COLLAGEN 400 g"},"content":{"rendered":"<p><span data-sheets-root=\"1\" data-sheets-value=\"{&quot;1&quot;:2,&quot;2&quot;:&quot;Mar\u012bne, Kolag\u0113ns, Colagen, Cola, Colla, Kola, Kolla&quot;}\" data-sheets-userformat=\"{&quot;2&quot;:14655,&quot;3&quot;:{&quot;1&quot;:0,&quot;3&quot;:1},&quot;4&quot;:{&quot;1&quot;:2,&quot;2&quot;:14872537},&quot;5&quot;:{&quot;1&quot;:[{&quot;1&quot;:2,&quot;2&quot;:0,&quot;5&quot;:{&quot;1&quot;:0}},{&quot;1&quot;:0,&quot;2&quot;:0,&quot;3&quot;:3},{&quot;1&quot;:1,&quot;2&quot;:0,&quot;4&quot;:1}]},&quot;6&quot;:{&quot;1&quot;:[{&quot;1&quot;:2,&quot;2&quot;:0,&quot;5&quot;:{&quot;1&quot;:0}},{&quot;1&quot;:0,&quot;2&quot;:0,&quot;3&quot;:3},{&quot;1&quot;:1,&quot;2&quot;:0,&quot;4&quot;:1}]},&quot;7&quot;:{&quot;1&quot;:[{&quot;1&quot;:2,&quot;2&quot;:0,&quot;5&quot;:{&quot;1&quot;:0}},{&quot;1&quot;:0,&quot;2&quot;:0,&quot;3&quot;:3},{&quot;1&quot;:1,&quot;2&quot;:0,&quot;4&quot;:1}]},&quot;8&quot;:{&quot;1&quot;:[{&quot;1&quot;:2,&quot;2&quot;:0,&quot;5&quot;:{&quot;1&quot;:0}},{&quot;1&quot;:0,&quot;2&quot;:0,&quot;3&quot;:3},{&quot;1&quot;:1,&quot;2&quot;:0,&quot;4&quot;:1}]},&quot;11&quot;:4,&quot;14&quot;:{&quot;1&quot;:3,&quot;3&quot;:1},&quot;15&quot;:&quot;Calibri&quot;,&quot;16&quot;:11}\">Mar\u012bne, Kolag\u0113ns, Colagen, Cola, Colla, Kola, Kolla<\/span><\/p>\n","protected":false},"excerpt":{"rendered":"<ul>\n<li>Loc\u012btavu, \u0101das, matu un nagu vesel\u012bbai.<\/li>\n<li>Augsta j\u016bras kolag\u0113na koncentr\u0101cija \u2013 12 g ieteicamaj\u0101 dienas dev\u0101.<\/li>\n<li>Papildin\u0101ts ar hialuronsk\u0101bi un dab\u012bgo antioksidantu astaksant\u012bnu.<\/li>\n<li>1 m\u0113ne\u0161a kurss.<\/li>\n<li>Bez pievienota cukura, daudz prote\u012bna.<\/li>\n<\/ul>\n<p><strong>Neizmantot uztura bag\u0101tin\u0101t\u0101ju k\u0101 pilnv\u0113rt\u012bga, sabalans\u0113ta uztura un vesel\u012bga dz\u012bvesveida aizvietot\u0101ju.<\/strong><\/p>\n","protected":false},"featured_media":8889,"comment_status":"open","ping_status":"closed","template":"","meta":{"_acf_changed":false},"product_brand":[],"product_cat":[112,101,111,99],"product_tag":[450,516,522],"class_list":{"0":"post-4160","1":"product","2":"type-product","3":"status-publish","4":"has-post-thumbnail","6":"product_cat-anti-aging-ru","7":"product_cat-kauliem-un-locitavam-ru","8":"product_cat-skaistumam-un-labsajutai-ru","9":"product_cat-problemzonam-ru","10":"product_tag-vitamin-c","11":"product_tag-gialuronovaja-kislota-gialuronat-nat","12":"product_tag-morskoj-kollagen","14":"first","15":"instock","16":"taxable","17":"shipping-taxable","18":"purchasable","19":"product-type-simple"},"acf":[],"_links":{"self":[{"href":"https:\/\/silvanols.ee\/ru\/wp-json\/wp\/v2\/product\/4160","targetHints":{"allow":["GET"]}}],"collection":[{"href":"https:\/\/silvanols.ee\/ru\/wp-json\/wp\/v2\/product"}],"about":[{"href":"https:\/\/silvanols.ee\/ru\/wp-json\/wp\/v2\/types\/product"}],"replies":[{"embeddable":true,"href":"https:\/\/silvanols.ee\/ru\/wp-json\/wp\/v2\/comments?post=4160"}],"wp:featuredmedia":[{"embeddable":true,"href":"https:\/\/silvanols.ee\/ru\/wp-json\/wp\/v2\/media\/8889"}],"wp:attachment":[{"href":"https:\/\/silvanols.ee\/ru\/wp-json\/wp\/v2\/media?parent=4160"}],"wp:term":[{"taxonomy":"product_brand","embeddable":true,"href":"https:\/\/silvanols.ee\/ru\/wp-json\/wp\/v2\/product_brand?post=4160"},{"taxonomy":"product_cat","embeddable":true,"href":"https:\/\/silvanols.ee\/ru\/wp-json\/wp\/v2\/product_cat?post=4160"},{"taxonomy":"product_tag","embeddable":true,"href":"https:\/\/silvanols.ee\/ru\/wp-json\/wp\/v2\/product_tag?post=4160"}],"curies":[{"name":"wp","href":"https:\/\/api.w.org\/{rel}","templated":true}]}}