{"id":4158,"date":"2023-10-30T17:44:08","date_gmt":"2023-10-30T15:44:08","guid":{"rendered":"https:\/\/silvanols.lv\/products\/skaistuma-komplekts-sievietei\/"},"modified":"2024-03-28T13:07:21","modified_gmt":"2024-03-28T11:07:21","slug":"skaistuma-komplekts-sievietei","status":"publish","type":"product","link":"https:\/\/silvanols.ee\/ru\/products\/skaistuma-komplekts-sievietei\/","title":{"rendered":"Skaistuma komplekts sievietei"},"content":{"rendered":"<p><span data-sheets-root=\"1\" data-sheets-value=\"{&quot;1&quot;:2,&quot;2&quot;:&quot;Hialuronic, Hialuronsk\u0101be, Hialur, Sk\u0101be, Skabe, Kolag\u0113ns, Colagen, Cola, Colla, Kola, Kolla, Bj\u016bti, Bj\u016bt\u012b, Komplekss, Skaistums, Skaistuma komplekss, Skaista, Woman, Lady, Sievie\u0161u&quot;}\" data-sheets-userformat=\"{&quot;2&quot;:14655,&quot;3&quot;:{&quot;1&quot;:0,&quot;3&quot;:1},&quot;4&quot;:{&quot;1&quot;:2,&quot;2&quot;:16708299},&quot;5&quot;:{&quot;1&quot;:[{&quot;1&quot;:2,&quot;2&quot;:0,&quot;5&quot;:{&quot;1&quot;:0}},{&quot;1&quot;:0,&quot;2&quot;:0,&quot;3&quot;:3},{&quot;1&quot;:1,&quot;2&quot;:0,&quot;4&quot;:1}]},&quot;6&quot;:{&quot;1&quot;:[{&quot;1&quot;:2,&quot;2&quot;:0,&quot;5&quot;:{&quot;1&quot;:0}},{&quot;1&quot;:0,&quot;2&quot;:0,&quot;3&quot;:3},{&quot;1&quot;:1,&quot;2&quot;:0,&quot;4&quot;:1}]},&quot;7&quot;:{&quot;1&quot;:[{&quot;1&quot;:2,&quot;2&quot;:0,&quot;5&quot;:{&quot;1&quot;:0}},{&quot;1&quot;:0,&quot;2&quot;:0,&quot;3&quot;:3},{&quot;1&quot;:1,&quot;2&quot;:0,&quot;4&quot;:1}]},&quot;8&quot;:{&quot;1&quot;:[{&quot;1&quot;:2,&quot;2&quot;:0,&quot;5&quot;:{&quot;1&quot;:0}},{&quot;1&quot;:0,&quot;2&quot;:0,&quot;3&quot;:3},{&quot;1&quot;:1,&quot;2&quot;:0,&quot;4&quot;:1}]},&quot;11&quot;:4,&quot;14&quot;:{&quot;1&quot;:3,&quot;3&quot;:1},&quot;15&quot;:&quot;Calibri&quot;,&quot;16&quot;:11}\">Hialuronic, Hialuronsk\u0101be, Hialur, Sk\u0101be, Skabe, Kolag\u0113ns, Colagen, Cola, Colla, Kola, Kolla, Bj\u016bti, Bj\u016bt\u012b, Komplekss, Skaistums, Skaistuma komplekss, Skaista, Woman, Lady, Sievie\u0161u<\/span><\/p>\n","protected":false},"excerpt":{"rendered":"<p>1 <a href=\"https:\/\/silvanols.ee\/product\/collagen-beauty-120-kaps\/\">COLLAGEN BEAUTY 120 kaps.<\/a> + 1 <a href=\"https:\/\/silvanols.ee\/product\/hyaluronic-acid-with-msm-120-kaps\/\">HYALURONIC ACID WITH MSM 120 kaps.<\/a><\/p>\n<p>R\u016bpes par sievietes skaituma saglab\u0101\u0161anu m\u016bsdien\u0101s ir aizvien aktu\u0101l\u0101kas. K\u0101 to izdar\u012bt pietiekami kvalitat\u012bvi un ilgtsp\u0113j\u012bgi? Ir da\u017e\u0101di veidi, bet noteikti viens no tiem ir izv\u0113l\u0113ties kvalitat\u012bvus uztura bag\u0101tin\u0101t\u0101jus, kas ir izveidoti tie\u0161i \u0101das jaun\u012bbas saglab\u0101\u0161anai.<\/p>\n<p><strong>NEIZMANTOT UZTURA BAG\u0100TIN\u0100T\u0100JU K\u0100 PILNV\u0112RT\u012aGA, SABALANS\u0112TA UZTURA UN VESEL\u012aGA DZ\u012aVESVEIDA AIZVIETOT\u0100JU.<\/strong><\/p>\n","protected":false},"featured_media":6035,"comment_status":"open","ping_status":"closed","template":"","meta":{"_acf_changed":false},"product_brand":[],"product_cat":[112,105,111],"product_tag":[],"class_list":{"0":"post-4158","1":"product","2":"type-product","3":"status-publish","4":"has-post-thumbnail","6":"product_cat-anti-aging-ru","7":"product_cat-produktu-komplekti-ru","8":"product_cat-skaistumam-un-labsajutai-ru","10":"first","11":"outofstock","12":"taxable","13":"shipping-taxable","14":"purchasable","15":"product-type-simple"},"acf":[],"_links":{"self":[{"href":"https:\/\/silvanols.ee\/ru\/wp-json\/wp\/v2\/product\/4158","targetHints":{"allow":["GET"]}}],"collection":[{"href":"https:\/\/silvanols.ee\/ru\/wp-json\/wp\/v2\/product"}],"about":[{"href":"https:\/\/silvanols.ee\/ru\/wp-json\/wp\/v2\/types\/product"}],"replies":[{"embeddable":true,"href":"https:\/\/silvanols.ee\/ru\/wp-json\/wp\/v2\/comments?post=4158"}],"wp:featuredmedia":[{"embeddable":true,"href":"https:\/\/silvanols.ee\/ru\/wp-json\/wp\/v2\/media\/6035"}],"wp:attachment":[{"href":"https:\/\/silvanols.ee\/ru\/wp-json\/wp\/v2\/media?parent=4158"}],"wp:term":[{"taxonomy":"product_brand","embeddable":true,"href":"https:\/\/silvanols.ee\/ru\/wp-json\/wp\/v2\/product_brand?post=4158"},{"taxonomy":"product_cat","embeddable":true,"href":"https:\/\/silvanols.ee\/ru\/wp-json\/wp\/v2\/product_cat?post=4158"},{"taxonomy":"product_tag","embeddable":true,"href":"https:\/\/silvanols.ee\/ru\/wp-json\/wp\/v2\/product_tag?post=4158"}],"curies":[{"name":"wp","href":"https:\/\/api.w.org\/{rel}","templated":true}]}}