{"id":4265,"date":"2023-10-26T17:40:00","date_gmt":"2023-10-26T14:40:00","guid":{"rendered":"https:\/\/silvanols.lv\/products\/gorespiro-150ml\/"},"modified":"2023-11-25T00:01:15","modified_gmt":"2023-11-24T22:01:15","slug":"gorespiro-150ml","status":"publish","type":"product","link":"https:\/\/silvanols.ee\/en\/products\/gorespiro-150ml\/","title":{"rendered":"GoRespiro 150ml"},"content":{"rendered":"","protected":false},"excerpt":{"rendered":"<p>Dab\u012bgs un gar\u0161\u012bgs balzams ar melle\u0146u sulu, kas paredz\u0113ts elpo\u0161anas sist\u0113mas vesel\u012bbas veicin\u0101\u0161anai. Balzam\u0101 eso\u0161\u0101s vielas atvieglo elpo\u0161anu, sniedz komforta saj\u016btu kakl\u0101 un elpce\u013cos, k\u0101 ar\u012b veicina im\u016bnsist\u0113mas darb\u012bbu. Satur 9 augu ekstraktus un dabas vielas, melle\u0146u sulu un saldin\u0101t\u0101ju \u2013 100% dab\u012bgu fruktozi ar zemu glik\u0113misko indeksu.<\/p>\n<p><a href=\"https:\/\/silvanols.ee\/jauns-petijums-covid-19-pacienti-atrak-atveselojas-lietojot-dabigu-vielu-kas-ietilpst-ari-silvanols-produkta-sastava\/\">Braz\u012blijas za\u013cais propoliss<\/a>\u00a0ir zin\u0101ms ar tam rakstur\u012bgo za\u013co kr\u0101su un tiek uzskat\u012bts par lab\u0101ko propolisu pasaul\u0113. Dab\u0101 bites propolisu izmanto, lai aizpild\u012btu radu\u0161\u0101s plaisas strop\u0101 un aizsarg\u0101tu bi\u0161u saimi pret iebruc\u0113jiem: v\u012brusiem, s\u0113n\u012bt\u0113m un bakt\u0113rij\u0101m.<\/p>\n<p><a href=\"https:\/\/medicine.lv\/raksti\/testa-rezultati-gorespiro-kapsulas-un-balzams-elpcelu-veselibai-f135f7f319\">LIETOT\u0100JU ATSAUKSMES\u00a0<\/a><\/p>\n<p><strong>NEIZMANTOT UZTURA BAG\u0100TIN\u0100T\u0100JU K\u0100 PILNV\u0112RT\u012aGA, SABALANS\u0112TA UZTURA UN VESEL\u012aGA DZ\u012aVESVEIDA AIZVIETOT\u0100JU.\u00a0<\/strong><\/p>\n","protected":false},"featured_media":6580,"comment_status":"open","ping_status":"closed","template":"","meta":{"_acf_changed":false},"product_brand":[],"product_cat":[128,134,120],"product_tag":[373,572,420,646,715,483,563,713,639,648,383],"class_list":{"0":"post-4265","1":"product","2":"type-product","3":"status-publish","4":"has-post-thumbnail","6":"product_cat-saaukstesanas-laika-en","7":"product_cat-klepus-laika-en","8":"product_cat-berniem-en","9":"product_tag-althea-extract","10":"product_tag-blueberry-juice","11":"product_tag-brazilian-green-propolis","12":"product_tag-elderberry-extract","13":"product_tag-hibiscus-extract","14":"product_tag-ivy-extract-en","15":"product_tag-lycopene","16":"product_tag-narrow-leaved-plantain-extract","17":"product_tag-passion-fruit-extract-en","18":"product_tag-pine-extract","19":"product_tag-vitamin-a","21":"first","22":"instock","23":"taxable","24":"shipping-taxable","25":"purchasable","26":"product-type-simple"},"acf":[],"_links":{"self":[{"href":"https:\/\/silvanols.ee\/en\/wp-json\/wp\/v2\/product\/4265","targetHints":{"allow":["GET"]}}],"collection":[{"href":"https:\/\/silvanols.ee\/en\/wp-json\/wp\/v2\/product"}],"about":[{"href":"https:\/\/silvanols.ee\/en\/wp-json\/wp\/v2\/types\/product"}],"replies":[{"embeddable":true,"href":"https:\/\/silvanols.ee\/en\/wp-json\/wp\/v2\/comments?post=4265"}],"wp:featuredmedia":[{"embeddable":true,"href":"https:\/\/silvanols.ee\/en\/wp-json\/wp\/v2\/media\/6580"}],"wp:attachment":[{"href":"https:\/\/silvanols.ee\/en\/wp-json\/wp\/v2\/media?parent=4265"}],"wp:term":[{"taxonomy":"product_brand","embeddable":true,"href":"https:\/\/silvanols.ee\/en\/wp-json\/wp\/v2\/product_brand?post=4265"},{"taxonomy":"product_cat","embeddable":true,"href":"https:\/\/silvanols.ee\/en\/wp-json\/wp\/v2\/product_cat?post=4265"},{"taxonomy":"product_tag","embeddable":true,"href":"https:\/\/silvanols.ee\/en\/wp-json\/wp\/v2\/product_tag?post=4265"}],"curies":[{"name":"wp","href":"https:\/\/api.w.org\/{rel}","templated":true}]}}