{"id":4235,"date":"2023-10-26T19:17:52","date_gmt":"2023-10-26T16:17:52","guid":{"rendered":"https:\/\/silvanols.lv\/products\/goimmune-strong-20-kaps\/"},"modified":"2026-04-13T05:15:21","modified_gmt":"2026-04-13T02:15:21","slug":"goimmune-strong-20-caps","status":"publish","type":"product","link":"https:\/\/silvanols.ee\/en\/products\/goimmune-strong-20-caps\/","title":{"rendered":"GoImmune Strong 20 caps."},"content":{"rendered":"","protected":false},"excerpt":{"rendered":"<p><strong>A unique remedy for the cold season.\u00a0<\/strong><\/p>\n<p>A unique remedy for the season of the common cold, which includes green propolis, tabebuia bark and olive leaf extracts, as well as zinc and selenium. Zinc and selenium contribute to the normal function of the immune system. Tabebuia, olive, zinc and selenium contribute to protection of cells from oxidative stress, as well as tabebuia helps protect the body from external unfavourable factors.<\/p>\n<p>&nbsp;<\/p>\n<p>*<\/p>\n<p>Research paper\u00a0<a href=\"https:\/\/www.mdpi.com\/2079-6382\/11\/2\/160\"><em>Synergistic effect of polyphenol-rich complex of plant and green propolis extracts with antibiotics against respiratory infections causing bacteria, Antibiotics 2021, 10 x FOR PEER REVIEW<\/em><\/a>\u00a0(PDF document)<\/p>\n<p>Research paper\u00a0<a href=\"https:\/\/www.sciencedirect.com\/science\/article\/pii\/S0753332221003115\"><em>Efficacy of Brazilian green propolis (EPP-AF\u00ae) as an adjunct treatment for hospitalized COVID-19 patients: A randomized, controlled clinical trial,<\/em>\u00a0<em>Biomedicine &amp; Pharmacotherapy 138 (2021) 111526<\/em><\/a>\u00a0(PDF document)<\/p>\n<p>Research paper\u00a0<a href=\"https:\/\/silvanols.ee\/wp-content\/uploads\/2023\/11\/Latvijas_Arsts_Goimmune-Strong-\u2013-organisma-aizsargspejam-pret-elpcelu-virusu-un-bakterialam-infekcijam-Latvijas-Arsts-oktobris-2020.pdf\"><em>Goimmune Strong \u2013 organisma aizsargsp\u0113j\u0101m pret elpce\u013cu v\u012brusu un bakteri\u0101l\u0101m infekcij\u0101m, Latvijas \u0100rsts, oktobris 2020<\/em>\u00a0<\/a>(PDF document)<\/p>\n","protected":false},"featured_media":12748,"comment_status":"open","ping_status":"closed","template":"","meta":{"_acf_changed":false},"product_brand":[],"product_cat":[128,132],"product_tag":[712,711,658,663,467],"class_list":{"0":"post-4235","1":"product","2":"type-product","3":"status-publish","4":"has-post-thumbnail","6":"product_cat-saaukstesanas-laika-en","7":"product_cat-imunitatei-en","8":"product_tag-green-propolis-powder","9":"product_tag-olive-leaf-extract","10":"product_tag-selenium-en","11":"product_tag-tabebuia-bark-extract","12":"product_tag-zinc-bisglycinate","14":"first","15":"instock","16":"featured","17":"taxable","18":"shipping-taxable","19":"purchasable","20":"product-type-simple"},"acf":[],"_links":{"self":[{"href":"https:\/\/silvanols.ee\/en\/wp-json\/wp\/v2\/product\/4235","targetHints":{"allow":["GET"]}}],"collection":[{"href":"https:\/\/silvanols.ee\/en\/wp-json\/wp\/v2\/product"}],"about":[{"href":"https:\/\/silvanols.ee\/en\/wp-json\/wp\/v2\/types\/product"}],"replies":[{"embeddable":true,"href":"https:\/\/silvanols.ee\/en\/wp-json\/wp\/v2\/comments?post=4235"}],"wp:featuredmedia":[{"embeddable":true,"href":"https:\/\/silvanols.ee\/en\/wp-json\/wp\/v2\/media\/12748"}],"wp:attachment":[{"href":"https:\/\/silvanols.ee\/en\/wp-json\/wp\/v2\/media?parent=4235"}],"wp:term":[{"taxonomy":"product_brand","embeddable":true,"href":"https:\/\/silvanols.ee\/en\/wp-json\/wp\/v2\/product_brand?post=4235"},{"taxonomy":"product_cat","embeddable":true,"href":"https:\/\/silvanols.ee\/en\/wp-json\/wp\/v2\/product_cat?post=4235"},{"taxonomy":"product_tag","embeddable":true,"href":"https:\/\/silvanols.ee\/en\/wp-json\/wp\/v2\/product_tag?post=4235"}],"curies":[{"name":"wp","href":"https:\/\/api.w.org\/{rel}","templated":true}]}}