{"id":4135,"date":"2023-10-31T10:44:30","date_gmt":"2023-10-31T08:44:30","guid":{"rendered":"https:\/\/silvanols.lv\/products\/komplekts-venu-veselibai-un-labsajutai\/"},"modified":"2023-11-10T15:35:22","modified_gmt":"2023-11-10T13:35:22","slug":"komplekts-venu-veselibai-un-labsajutai","status":"publish","type":"product","link":"https:\/\/silvanols.ee\/en\/products\/komplekts-venu-veselibai-un-labsajutai\/","title":{"rendered":"Komplekts V\u0113nu vesel\u012bbai un labsaj\u016btai"},"content":{"rendered":"","protected":false},"excerpt":{"rendered":"<p><strong>For lightness of legs and long-term health of veins<\/strong><\/p>\n<p><strong>1\u00a0<a href=\"https:\/\/silvanols.ee\/en\/product\/venolux-30-caps\/\">Venolux 30 caps.<\/a>\u00a0+ 1\u00a0<a href=\"https:\/\/silvanols.ee\/en\/product\/venolux-50-ml\/\">Venolux 50 ml<\/a><\/strong><\/p>\n<p>A set for double well-being for your legs. Capsules for internal, gel for external use.<\/p>\n","protected":false},"featured_media":3896,"comment_status":"open","ping_status":"closed","template":"","meta":{"_acf_changed":false},"product_brand":[],"product_cat":[124,121,127],"product_tag":[],"class_list":{"0":"post-4135","1":"product","2":"type-product","3":"status-publish","4":"has-post-thumbnail","6":"product_cat-kaju-veselibai-en","7":"product_cat-problemzonam-en","8":"product_cat-produktu-komplekti-en","10":"first","11":"instock","12":"taxable","13":"shipping-taxable","14":"purchasable","15":"product-type-simple"},"acf":[],"_links":{"self":[{"href":"https:\/\/silvanols.ee\/en\/wp-json\/wp\/v2\/product\/4135","targetHints":{"allow":["GET"]}}],"collection":[{"href":"https:\/\/silvanols.ee\/en\/wp-json\/wp\/v2\/product"}],"about":[{"href":"https:\/\/silvanols.ee\/en\/wp-json\/wp\/v2\/types\/product"}],"replies":[{"embeddable":true,"href":"https:\/\/silvanols.ee\/en\/wp-json\/wp\/v2\/comments?post=4135"}],"wp:featuredmedia":[{"embeddable":true,"href":"https:\/\/silvanols.ee\/en\/wp-json\/wp\/v2\/media\/3896"}],"wp:attachment":[{"href":"https:\/\/silvanols.ee\/en\/wp-json\/wp\/v2\/media?parent=4135"}],"wp:term":[{"taxonomy":"product_brand","embeddable":true,"href":"https:\/\/silvanols.ee\/en\/wp-json\/wp\/v2\/product_brand?post=4135"},{"taxonomy":"product_cat","embeddable":true,"href":"https:\/\/silvanols.ee\/en\/wp-json\/wp\/v2\/product_cat?post=4135"},{"taxonomy":"product_tag","embeddable":true,"href":"https:\/\/silvanols.ee\/en\/wp-json\/wp\/v2\/product_tag?post=4135"}],"curies":[{"name":"wp","href":"https:\/\/api.w.org\/{rel}","templated":true}]}}